{"id":2544,"date":"2025-01-24T21:26:32","date_gmt":"2025-01-24T21:26:32","guid":{"rendered":"https:\/\/nedimkuscusporkulubu.com\/?page_id=2544"},"modified":"2026-03-15T18:29:07","modified_gmt":"2026-03-15T18:29:07","slug":"hizmetler","status":"publish","type":"page","link":"https:\/\/nedimkuscusporkulubu.com\/index.php\/hizmetler\/","title":{"rendered":"Hizmetler"},"content":{"rendered":"\t\t<div data-elementor-type=\"wp-page\" data-elementor-id=\"2544\" class=\"elementor elementor-2544\" data-elementor-settings=\"[]\">\n\t\t\t\t\t\t\t<div class=\"elementor-section-wrap\">\n\t\t\t\t\t\t\t<section class=\"elementor-section elementor-top-section elementor-element elementor-element-87f534b elementor-section-boxed elementor-section-height-default elementor-section-height-default\" data-id=\"87f534b\" data-element_type=\"section\">\n\t\t\t\t\t\t<div class=\"elementor-container elementor-column-gap-default\">\n\t\t\t\t\t<div class=\"elementor-column elementor-col-100 elementor-top-column elementor-element elementor-element-65c176ae\" data-id=\"65c176ae\" data-element_type=\"column\">\n\t\t\t<div class=\"elementor-widget-wrap elementor-element-populated\">\n\t\t\t\t\t\t\t\t<div class=\"elementor-element elementor-element-310eccff elementor-widget elementor-widget-text-editor\" data-id=\"310eccff\" data-element_type=\"widget\" data-widget_type=\"text-editor.default\">\n\t\t\t\t<div class=\"elementor-widget-container\">\n\t\t\t\t\t<div class=\"elementor-text-editor elementor-clearfix\"><!-- wp:fl-builder\/layout \/--><\/div>\n\t\t\t\t<\/div>\n\t\t\t\t<\/div>\n\t\t\t\t<div class=\"elementor-element elementor-element-c65e27c elementor-widget elementor-widget-heading\" data-id=\"c65e27c\" data-element_type=\"widget\" data-widget_type=\"heading.default\">\n\t\t\t\t<div class=\"elementor-widget-container\">\n\t\t\t<h1 class=\"elementor-heading-title elementor-size-default\">hizmetler<\/h1>\t\t<\/div>\n\t\t\t\t<\/div>\n\t\t\t\t\t<\/div>\n\t\t<\/div>\n\t\t\t\t\t\t\t<\/div>\n\t\t<\/section>\n\t\t\t\t<section class=\"elementor-section elementor-top-section elementor-element elementor-element-5adf998 elementor-section-boxed elementor-section-height-default elementor-section-height-default\" data-id=\"5adf998\" data-element_type=\"section\">\n\t\t\t\t\t\t<div class=\"elementor-container elementor-column-gap-default\">\n\t\t\t\t\t<div class=\"elementor-column elementor-col-33 elementor-top-column elementor-element elementor-element-b0a4171\" data-id=\"b0a4171\" data-element_type=\"column\">\n\t\t\t<div class=\"elementor-widget-wrap elementor-element-populated\">\n\t\t\t\t\t\t\t\t<div class=\"elementor-element elementor-element-92a4b9d elementor-widget elementor-widget-image\" data-id=\"92a4b9d\" data-element_type=\"widget\" data-widget_type=\"image.default\">\n\t\t\t\t<div class=\"elementor-widget-container\">\n\t\t\t\t\t<div class=\"elementor-image\">\n\t\t\t\t\t\t\t\t\t\t<img loading=\"lazy\" decoding=\"async\" width=\"720\" height=\"720\" src=\"https:\/\/nedimkuscusporkulubu.com\/wp-content\/uploads\/2025\/01\/IMG-20250125-WA0026.jpg\" class=\"attachment-large size-large\" alt=\"\" \/>\t\t\t\t\t\t\t\t\t\t\t<\/div>\n\t\t\t\t<\/div>\n\t\t\t\t<\/div>\n\t\t\t\t\t<\/div>\n\t\t<\/div>\n\t\t\t\t<div class=\"elementor-column elementor-col-66 elementor-top-column elementor-element elementor-element-cd46f64\" data-id=\"cd46f64\" data-element_type=\"column\">\n\t\t\t<div class=\"elementor-widget-wrap elementor-element-populated\">\n\t\t\t\t\t\t\t\t<div class=\"elementor-element elementor-element-019975e elementor-widget elementor-widget-text-editor\" data-id=\"019975e\" data-element_type=\"widget\" data-widget_type=\"text-editor.default\">\n\t\t\t\t<div class=\"elementor-widget-container\">\n\t\t\t\t\t<div class=\"elementor-text-editor elementor-clearfix\"><h3><strong>Gym ve Fitness ile Sa\u011fl\u0131kl\u0131 Ya\u015fama Ad\u0131m At\u0131n!<\/strong><\/h3>\n<p>Nedim Ku\u015f\u00e7u Spor Kul\u00fcb\u00fc&#8217;n\u00fcn Gym &amp; Fitness b\u00f6l\u00fcm\u00fc, sa\u011fl\u0131kl\u0131 bir ya\u015fam tarz\u0131 benimsemek ve fit bir v\u00fccuda kavu\u015fmak isteyen herkes i\u00e7in \u00f6zel olarak tasarland\u0131. Modern ekipmanlar\u0131m\u0131z, profesyonel e\u011fitmenlerimiz ve samimi atmosferimizle hedeflerinize ula\u015fman\u0131z i\u00e7in buraday\u0131z.<\/p>\n<p>\u0130ster kilo vermek, ister kas geli\u015ftirmek, ister sadece daha enerjik hissetmek isteyin, ihtiya\u00e7lar\u0131n\u0131za uygun programlar sunuyoruz. Kapsaml\u0131 egzersiz ekipmanlar\u0131m\u0131z ve bireysel \u00e7al\u0131\u015fma alanlar\u0131m\u0131z sayesinde diledi\u011finiz gibi \u00e7al\u0131\u015fabilir, ayn\u0131 zamanda size \u00f6zel tavsiyeler alabilirsiniz.<\/p>\n<p>Fitness, sadece fiziksel g\u00f6r\u00fcn\u00fcm de\u011fil, ayn\u0131 zamanda zinde bir zihin ve g\u00fc\u00e7l\u00fc bir ruh halidir. Nedim Ku\u015f\u00e7u Spor Kul\u00fcb\u00fc olarak, sporun hayat\u0131n\u0131za kataca\u011f\u0131 pozitif de\u011fi\u015fimi birlikte ke\u015ffetmek i\u00e7in sizi bekliyoruz.<\/p>\n<p>Hedeflerinizi ertelemeyin, bug\u00fcn ba\u015flay\u0131n! Sa\u011fl\u0131kl\u0131 ve fit bir ya\u015fam i\u00e7in ilk ad\u0131m\u0131n\u0131z\u0131 bizimle at\u0131n. \ud83d\udcaa<\/p><\/div>\n\t\t\t\t<\/div>\n\t\t\t\t<\/div>\n\t\t\t\t\t<\/div>\n\t\t<\/div>\n\t\t\t\t\t\t\t<\/div>\n\t\t<\/section>\n\t\t\t\t<section class=\"elementor-section elementor-top-section elementor-element elementor-element-dc3fc9a elementor-section-boxed elementor-section-height-default elementor-section-height-default\" data-id=\"dc3fc9a\" data-element_type=\"section\">\n\t\t\t\t\t\t<div class=\"elementor-container elementor-column-gap-default\">\n\t\t\t\t\t<div class=\"elementor-column elementor-col-33 elementor-top-column elementor-element elementor-element-0bd0441\" data-id=\"0bd0441\" data-element_type=\"column\">\n\t\t\t<div class=\"elementor-widget-wrap elementor-element-populated\">\n\t\t\t\t\t\t\t\t<div class=\"elementor-element elementor-element-f2d05d9 elementor-widget elementor-widget-image\" data-id=\"f2d05d9\" data-element_type=\"widget\" data-widget_type=\"image.default\">\n\t\t\t\t<div class=\"elementor-widget-container\">\n\t\t\t\t\t<div class=\"elementor-image\">\n\t\t\t\t\t\t\t\t\t\t<img loading=\"lazy\" decoding=\"async\" width=\"797\" height=\"790\" src=\"https:\/\/nedimkuscusporkulubu.com\/wp-content\/uploads\/2025\/01\/Ekran-goruntusu-2025-01-25-233113.png\" class=\"attachment-large size-large\" alt=\"\" \/>\t\t\t\t\t\t\t\t\t\t\t<\/div>\n\t\t\t\t<\/div>\n\t\t\t\t<\/div>\n\t\t\t\t\t<\/div>\n\t\t<\/div>\n\t\t\t\t<div class=\"elementor-column elementor-col-66 elementor-top-column elementor-element elementor-element-c61c322\" data-id=\"c61c322\" data-element_type=\"column\">\n\t\t\t<div class=\"elementor-widget-wrap elementor-element-populated\">\n\t\t\t\t\t\t\t\t<div class=\"elementor-element elementor-element-6688995 elementor-widget elementor-widget-text-editor\" data-id=\"6688995\" data-element_type=\"widget\" data-widget_type=\"text-editor.default\">\n\t\t\t\t<div class=\"elementor-widget-container\">\n\t\t\t\t\t<div class=\"elementor-text-editor elementor-clearfix\"><h3><strong>Her Ya\u015f Grubu \u0130\u00e7in Taekwondo Dersleri!<\/strong><\/h3>\n<p>Nedim Ku\u015f\u00e7u Spor Kul\u00fcb\u00fc olarak, her ya\u015f ve seviyeden kat\u0131l\u0131mc\u0131ya uygun taekwondo dersleri sunuyoruz! Taekwondo, yaln\u0131zca fiziksel bir spor de\u011fil, ayn\u0131 zamanda \u00f6zg\u00fcveni art\u0131ran, disiplin kazand\u0131ran ve zihinsel odaklanmay\u0131 geli\u015ftiren bir ya\u015fam bi\u00e7imidir.<\/p>\n<p>\u0130ster grup derslerinde tak\u0131m ruhunu deneyimlemek isteyin, ister birebir \u00f6zel derslerle h\u0131zl\u0131 ilerlemeyi hedefleyin, deneyimli e\u011fitmenlerimizle ihtiya\u00e7lar\u0131n\u0131za uygun bir program olu\u015fturuyoruz. \u00c7ocuklar i\u00e7in temel teknikleri e\u011flenceli ve g\u00fcvenli bir \u015fekilde \u00f6\u011frenme f\u0131rsat\u0131 sunarken, yeti\u015fkinler i\u00e7in g\u00fc\u00e7, esneklik ve dayan\u0131kl\u0131l\u0131k odakl\u0131 dersler organize ediyoruz.<\/p>\n<p>Taekwondo ile hem fiziksel hem de mental olarak kendinizi geli\u015ftirirken, ayn\u0131 zamanda pozitif bir ortamda keyifli vakit ge\u00e7irebilirsiniz. Hangi ya\u015fta olursan\u0131z olun, spora ba\u015flamak i\u00e7in hi\u00e7bir zaman ge\u00e7 de\u011fil!<\/p>\n<p>Hedeflerinizi ger\u00e7ekle\u015ftirmek ve taekwondo yolculu\u011funa ba\u015flamak i\u00e7in sizi kul\u00fcb\u00fcm\u00fcze bekliyoruz. \ud83e\udd4b<\/p><\/div>\n\t\t\t\t<\/div>\n\t\t\t\t<\/div>\n\t\t\t\t\t<\/div>\n\t\t<\/div>\n\t\t\t\t\t\t\t<\/div>\n\t\t<\/section>\n\t\t\t\t<section class=\"elementor-section elementor-top-section elementor-element elementor-element-a39718d elementor-section-boxed elementor-section-height-default elementor-section-height-default\" data-id=\"a39718d\" data-element_type=\"section\">\n\t\t\t\t\t\t<div class=\"elementor-container elementor-column-gap-default\">\n\t\t\t\t\t<div class=\"elementor-column elementor-col-33 elementor-top-column elementor-element elementor-element-8e4b23d\" data-id=\"8e4b23d\" data-element_type=\"column\">\n\t\t\t<div class=\"elementor-widget-wrap elementor-element-populated\">\n\t\t\t\t\t\t\t\t<div class=\"elementor-element elementor-element-055231d elementor-widget elementor-widget-image\" data-id=\"055231d\" data-element_type=\"widget\" data-widget_type=\"image.default\">\n\t\t\t\t<div class=\"elementor-widget-container\">\n\t\t\t\t\t<div class=\"elementor-image\">\n\t\t\t\t\t\t\t\t\t\t<img loading=\"lazy\" decoding=\"async\" width=\"720\" height=\"405\" src=\"https:\/\/nedimkuscusporkulubu.com\/wp-content\/uploads\/2025\/01\/IMG-20250125-WA0024.jpg\" class=\"attachment-large size-large\" alt=\"\" \/>\t\t\t\t\t\t\t\t\t\t\t<\/div>\n\t\t\t\t<\/div>\n\t\t\t\t<\/div>\n\t\t\t\t\t<\/div>\n\t\t<\/div>\n\t\t\t\t<div class=\"elementor-column elementor-col-66 elementor-top-column elementor-element elementor-element-d9820be\" data-id=\"d9820be\" data-element_type=\"column\">\n\t\t\t<div class=\"elementor-widget-wrap elementor-element-populated\">\n\t\t\t\t\t\t\t\t<div class=\"elementor-element elementor-element-173723b elementor-widget elementor-widget-text-editor\" data-id=\"173723b\" data-element_type=\"widget\" data-widget_type=\"text-editor.default\">\n\t\t\t\t<div class=\"elementor-widget-container\">\n\t\t\t\t\t<div class=\"elementor-text-editor elementor-clearfix\"><h3><strong>Boks, K\u0130CKBOKS, KARATE, A\u0130K\u0130DO VE KARMA D\u00d6V\u00dc\u015e SANATLARI \u0130LE G\u00fc\u00e7 ve Dayan\u0131kl\u0131l\u0131\u011f\u0131n\u0131z\u0131 Ke\u015ffedin!<\/strong><\/h3>\n<p>Nedim Ku\u015f\u00e7u Spor Kul\u00fcb\u00fc olarak, profesyonel bir yakla\u015f\u0131mla ile sizlere benzersiz bir antrenman deneyimi sunuyoruz! Salonumuzda bireysel olarak \u00f6zg\u00fcrce \u00e7al\u0131\u015fabilir veya \u00f6zel antren\u00f6r\u00fcm\u00fcz e\u015fli\u011finde sporun tekniklerini ve stratejilerini \u00f6\u011frenebilirsiniz.<\/p>\n<p>D\u00f6v\u00fc\u015f Sanatlar\u0131, yaln\u0131zca fiziksel g\u00fcc\u00fc art\u0131rmakla kalmaz; ayn\u0131 zamanda dayan\u0131kl\u0131l\u0131k, h\u0131z, refleksler ve zihinsel odaklanma gibi becerileri geli\u015ftirir. \u0130ster kendinizi savunma ama\u00e7l\u0131 \u00f6\u011frenmek isteyin, ister kondisyon ve performans\u0131n\u0131z\u0131 art\u0131rmay\u0131 hedefleyin, salonumuz size t\u00fcm bunlar\u0131 ger\u00e7ekle\u015ftirmek i\u00e7in m\u00fckemmel bir alan sunuyor.<\/p>\n<p>Deneyimli antren\u00f6r\u00fcm\u00fcz, her seviyeden kat\u0131l\u0131mc\u0131ya uygun birebir dersler vererek tekniklerinizi geli\u015ftirmenize ve hedeflerinize ula\u015fman\u0131za yard\u0131mc\u0131 oluyor. Sporun keyfini \u00e7\u0131kar\u0131rken, ayn\u0131 zamanda g\u00fc\u00e7l\u00fc ve \u00f6zg\u00fcvenli bir duru\u015f kazanabilirsiniz.<\/p>\n<p>Spor tutkunuzu hayata ge\u00e7irmek i\u00e7in sizi kul\u00fcb\u00fcm\u00fcze davet ediyoruz. <img decoding=\"async\" class=\"emoji\" role=\"img\" draggable=\"false\" src=\"https:\/\/s.w.org\/images\/core\/emoji\/17.0.2\/svg\/1f94a.svg\" alt=\"\ud83e\udd4a\" \/> Kendinize meydan okumak ve yeni bir ba\u015flang\u0131\u00e7 yapmak i\u00e7in bug\u00fcn harekete ge\u00e7in!<\/p><\/div>\n\t\t\t\t<\/div>\n\t\t\t\t<\/div>\n\t\t\t\t\t<\/div>\n\t\t<\/div>\n\t\t\t\t\t\t\t<\/div>\n\t\t<\/section>\n\t\t\t\t\t\t<\/div>\n\t\t\t\t\t<\/div>\n\t\t","protected":false},"excerpt":{"rendered":"<p>hizmetler Gym ve Fitness ile Sa\u011fl\u0131kl\u0131 Ya\u015fama Ad\u0131m At\u0131n! Nedim Ku\u015f\u00e7u Spor Kul\u00fcb\u00fc&#8217;n\u00fcn Gym &amp; Fitness b\u00f6l\u00fcm\u00fc, sa\u011fl\u0131kl\u0131 bir ya\u015fam tarz\u0131 benimsemek ve fit bir v\u00fccuda kavu\u015fmak isteyen herkes i\u00e7in \u00f6zel olarak tasarland\u0131. Modern ekipmanlar\u0131m\u0131z, profesyonel e\u011fitmenlerimiz ve samimi atmosferimizle hedeflerinize ula\u015fman\u0131z i\u00e7in buraday\u0131z. \u0130ster kilo vermek, ister kas geli\u015ftirmek, ister sadece daha enerjik hissetmek [&hellip;]<\/p>\n","protected":false},"author":1,"featured_media":0,"parent":0,"menu_order":0,"comment_status":"closed","ping_status":"closed","template":"","meta":{"site-sidebar-layout":"default","site-content-layout":"","ast-site-content-layout":"default","site-content-style":"default","site-sidebar-style":"default","ast-global-header-display":"","ast-banner-title-visibility":"","ast-main-header-display":"","ast-hfb-above-header-display":"","ast-hfb-below-header-display":"","ast-hfb-mobile-header-display":"","site-post-title":"disabled","ast-breadcrumbs-content":"","ast-featured-img":"","footer-sml-layout":"","theme-transparent-header-meta":"","adv-header-id-meta":"","stick-header-meta":"","header-above-stick-meta":"","header-main-stick-meta":"","header-below-stick-meta":"","astra-migrate-meta-layouts":"set","ast-page-background-enabled":"default","ast-page-background-meta":{"desktop":{"background-color":"","background-image":"","background-repeat":"repeat","background-position":"center center","background-size":"auto","background-attachment":"scroll","background-type":"","background-media":"","overlay-type":"","overlay-color":"","overlay-opacity":"","overlay-gradient":""},"tablet":{"background-color":"","background-image":"","background-repeat":"repeat","background-position":"center center","background-size":"auto","background-attachment":"scroll","background-type":"","background-media":"","overlay-type":"","overlay-color":"","overlay-opacity":"","overlay-gradient":""},"mobile":{"background-color":"","background-image":"","background-repeat":"repeat","background-position":"center center","background-size":"auto","background-attachment":"scroll","background-type":"","background-media":"","overlay-type":"","overlay-color":"","overlay-opacity":"","overlay-gradient":""}},"ast-content-background-meta":{"desktop":{"background-color":"var(--ast-global-color-5)","background-image":"","background-repeat":"repeat","background-position":"center center","background-size":"auto","background-attachment":"scroll","background-type":"","background-media":"","overlay-type":"","overlay-color":"","overlay-opacity":"","overlay-gradient":""},"tablet":{"background-color":"var(--ast-global-color-5)","background-image":"","background-repeat":"repeat","background-position":"center center","background-size":"auto","background-attachment":"scroll","background-type":"","background-media":"","overlay-type":"","overlay-color":"","overlay-opacity":"","overlay-gradient":""},"mobile":{"background-color":"var(--ast-global-color-5)","background-image":"","background-repeat":"repeat","background-position":"center center","background-size":"auto","background-attachment":"scroll","background-type":"","background-media":"","overlay-type":"","overlay-color":"","overlay-opacity":"","overlay-gradient":""}},"footnotes":""},"class_list":["post-2544","page","type-page","status-publish","hentry"],"_links":{"self":[{"href":"https:\/\/nedimkuscusporkulubu.com\/index.php\/wp-json\/wp\/v2\/pages\/2544","targetHints":{"allow":["GET"]}}],"collection":[{"href":"https:\/\/nedimkuscusporkulubu.com\/index.php\/wp-json\/wp\/v2\/pages"}],"about":[{"href":"https:\/\/nedimkuscusporkulubu.com\/index.php\/wp-json\/wp\/v2\/types\/page"}],"author":[{"embeddable":true,"href":"https:\/\/nedimkuscusporkulubu.com\/index.php\/wp-json\/wp\/v2\/users\/1"}],"replies":[{"embeddable":true,"href":"https:\/\/nedimkuscusporkulubu.com\/index.php\/wp-json\/wp\/v2\/comments?post=2544"}],"version-history":[{"count":77,"href":"https:\/\/nedimkuscusporkulubu.com\/index.php\/wp-json\/wp\/v2\/pages\/2544\/revisions"}],"predecessor-version":[{"id":3593,"href":"https:\/\/nedimkuscusporkulubu.com\/index.php\/wp-json\/wp\/v2\/pages\/2544\/revisions\/3593"}],"wp:attachment":[{"href":"https:\/\/nedimkuscusporkulubu.com\/index.php\/wp-json\/wp\/v2\/media?parent=2544"}],"curies":[{"name":"wp","href":"https:\/\/api.w.org\/{rel}","templated":true}]}}