{"id":2745,"date":"2025-01-25T17:18:08","date_gmt":"2025-01-25T17:18:08","guid":{"rendered":"https:\/\/nedimkuscusporkulubu.com\/?page_id=2745"},"modified":"2025-01-28T20:54:37","modified_gmt":"2025-01-28T20:54:37","slug":"taekwondonedir","status":"publish","type":"page","link":"https:\/\/nedimkuscusporkulubu.com\/index.php\/taekwondonedir\/","title":{"rendered":"Taekwondo: Bir D\u00f6v\u00fc\u015f Sanat\u0131 ve Hayat Felsefesi"},"content":{"rendered":"\t\t<div data-elementor-type=\"wp-page\" data-elementor-id=\"2745\" class=\"elementor elementor-2745\" data-elementor-settings=\"[]\">\n\t\t\t\t\t\t\t<div class=\"elementor-section-wrap\">\n\t\t\t\t\t\t\t<section class=\"elementor-section elementor-top-section elementor-element elementor-element-6d456189 elementor-section-boxed elementor-section-height-default elementor-section-height-default\" data-id=\"6d456189\" data-element_type=\"section\">\n\t\t\t\t\t\t<div class=\"elementor-container elementor-column-gap-default\">\n\t\t\t\t\t<div class=\"elementor-column elementor-col-100 elementor-top-column elementor-element elementor-element-3523dce5\" data-id=\"3523dce5\" data-element_type=\"column\">\n\t\t\t<div class=\"elementor-widget-wrap elementor-element-populated\">\n\t\t\t\t\t\t\t\t<div class=\"elementor-element elementor-element-cf11c86 elementor-widget elementor-widget-text-editor\" data-id=\"cf11c86\" data-element_type=\"widget\" data-widget_type=\"text-editor.default\">\n\t\t\t\t<div class=\"elementor-widget-container\">\n\t\t\t\t\t<div class=\"elementor-text-editor elementor-clearfix\"><!-- wp:fl-builder\/layout \/--><\/div>\n\t\t\t\t<\/div>\n\t\t\t\t<\/div>\n\t\t\t\t<div class=\"elementor-element elementor-element-acdca33 elementor-widget elementor-widget-heading\" data-id=\"acdca33\" data-element_type=\"widget\" data-widget_type=\"heading.default\">\n\t\t\t\t<div class=\"elementor-widget-container\">\n\t\t\t<h1 class=\"elementor-heading-title elementor-size-default\">taekwondo: <br>bir d\u00f6v\u00fc\u015f sanat\u0131 ve hayat felsefesi<\/h1>\t\t<\/div>\n\t\t\t\t<\/div>\n\t\t\t\t\t<\/div>\n\t\t<\/div>\n\t\t\t\t\t\t\t<\/div>\n\t\t<\/section>\n\t\t\t\t<section class=\"elementor-section elementor-top-section elementor-element elementor-element-5fad36d elementor-section-boxed elementor-section-height-default elementor-section-height-default\" data-id=\"5fad36d\" data-element_type=\"section\">\n\t\t\t\t\t\t<div class=\"elementor-container elementor-column-gap-default\">\n\t\t\t\t\t<div class=\"elementor-column elementor-col-100 elementor-top-column elementor-element elementor-element-ae9b5b3\" data-id=\"ae9b5b3\" data-element_type=\"column\">\n\t\t\t<div class=\"elementor-widget-wrap elementor-element-populated\">\n\t\t\t\t\t\t\t\t<div class=\"elementor-element elementor-element-a7f72aa elementor-widget elementor-widget-image\" data-id=\"a7f72aa\" data-element_type=\"widget\" data-widget_type=\"image.default\">\n\t\t\t\t<div class=\"elementor-widget-container\">\n\t\t\t\t\t<div class=\"elementor-image\">\n\t\t\t\t\t\t\t\t\t\t<img loading=\"lazy\" decoding=\"async\" width=\"1024\" height=\"1024\" src=\"https:\/\/nedimkuscusporkulubu.com\/wp-content\/uploads\/2025\/01\/IMG-20250125-WA0028.jpg\" class=\"attachment-large size-large\" alt=\"\" \/>\t\t\t\t\t\t\t\t\t\t\t<\/div>\n\t\t\t\t<\/div>\n\t\t\t\t<\/div>\n\t\t\t\t\t<\/div>\n\t\t<\/div>\n\t\t\t\t\t\t\t<\/div>\n\t\t<\/section>\n\t\t\t\t<section class=\"elementor-section elementor-top-section elementor-element elementor-element-cc53424 elementor-section-boxed elementor-section-height-default elementor-section-height-default\" data-id=\"cc53424\" data-element_type=\"section\">\n\t\t\t\t\t\t<div class=\"elementor-container elementor-column-gap-default\">\n\t\t\t\t\t<div class=\"elementor-column elementor-col-100 elementor-top-column elementor-element elementor-element-354cc34\" data-id=\"354cc34\" data-element_type=\"column\">\n\t\t\t<div class=\"elementor-widget-wrap elementor-element-populated\">\n\t\t\t\t\t\t\t\t<div class=\"elementor-element elementor-element-32db9f9 elementor-widget elementor-widget-text-editor\" data-id=\"32db9f9\" data-element_type=\"widget\" data-widget_type=\"text-editor.default\">\n\t\t\t\t<div class=\"elementor-widget-container\">\n\t\t\t\t\t<div class=\"elementor-text-editor elementor-clearfix\"><p><strong>Taekwondo: D\u00f6v\u00fc\u015f Sanat\u0131n\u0131n \u00d6tesinde Bir Hayat Felsefesi<\/strong><\/p>\n<p><strong>Taekwondo Nedir?<\/strong><br \/>Taekwondo, k\u00f6keni Kore\u2019ye dayanan ve hem fiziksel hem de zihinsel disiplini birle\u015ftiren bir d\u00f6v\u00fc\u015f sanat\u0131d\u0131r. Kelime anlam\u0131yla &#8220;tae&#8221; ayakla yap\u0131lan vuru\u015flar\u0131, &#8220;kwon&#8221; yumrukla yap\u0131lan savunma ve sald\u0131r\u0131lar\u0131, &#8220;do&#8221; ise bir ya\u015fam yolu ya da felsefeyi ifade eder. Bu nedenle Taekwondo, sadece bir spor de\u011fil, bireyin zihinsel ve ahlaki geli\u015fimine katk\u0131 sa\u011flayan bir ya\u015fam bi\u00e7imidir.<\/p>\n<p><strong>Taekwondo&#8217;nun Tarih\u00e7esi ve Do\u011fu\u015fu<\/strong><br \/>Taekwondo\u2019nun k\u00f6kenleri, Kore&#8217;nin eski d\u00f6v\u00fc\u015f sanatlar\u0131na dayansa da modern Taekwondo, 20. y\u00fczy\u0131l\u0131n ortalar\u0131nda sistematik bir yap\u0131 kazanm\u0131\u015ft\u0131r. Kore\u2019nin yerel d\u00f6v\u00fc\u015f teknikleri, \u00c7in ve Japon d\u00f6v\u00fc\u015f sanatlar\u0131n\u0131n etkisiyle harmanlanm\u0131\u015f ve 1955 y\u0131l\u0131nda &#8220;Taekwondo&#8221; ad\u0131yla resmi olarak tan\u0131mlanm\u0131\u015ft\u0131r. 1960\u2019lardan itibaren d\u00fcnya \u00e7ap\u0131nda h\u0131zla yay\u0131lm\u0131\u015f ve 2000 y\u0131l\u0131nda Olimpiyat sporu olarak kabul edilmi\u015ftir. G\u00fcn\u00fcm\u00fczde Taekwondo, 200\u2019den fazla \u00fclkede milyonlarca insan taraf\u0131ndan uygulanmaktad\u0131r.<\/p>\n<p><strong>Taekwondo\u2019nun Felsefesi<\/strong><br \/>Taekwondo, fiziksel bir m\u00fccadeleden \u00e7ok daha fazlas\u0131n\u0131 temsil eder. Bu sporun temel felsefesi; d\u00fcr\u00fcstl\u00fck, \u00f6z disiplin, sab\u0131r, azim ve sayg\u0131 gibi evrensel de\u011ferleri bireylere kazand\u0131rmakt\u0131r. Taekwondo, bireyi sadece fiziksel olarak de\u011fil, zihinsel olarak da g\u00fc\u00e7l\u00fc bir yap\u0131ya ula\u015ft\u0131rmay\u0131 ama\u00e7lar.<\/p>\n<p>Felsefesinin temel ilkeleri \u015funlard\u0131r:<\/p>\n<ol>\n<li><strong>Nezaket:<\/strong> Herkese sayg\u0131 duymak ve nazik bir tutum sergilemek.<\/li>\n<li><strong>D\u00fcr\u00fcstl\u00fck:<\/strong> Do\u011fruyu savunmak ve ahlaki bir duru\u015f sergilemek.<\/li>\n<li><strong>Azim:<\/strong> Zorluklarla m\u00fccadele etme kararl\u0131l\u0131\u011f\u0131na sahip olmak.<\/li>\n<li><strong>\u00d6z Kontrol:<\/strong> Duygular\u0131n\u0131 ve hareketlerini kontrol alt\u0131nda tutabilmek.<\/li>\n<li><strong>Cesaret:<\/strong> Korkular\u0131yla y\u00fczle\u015fip ad\u0131m atmaktan \u00e7ekinmemek.<\/li>\n<\/ol>\n<p>Bu de\u011ferler, Taekwondo\u2019nun yaln\u0131zca d\u00f6v\u00fc\u015f teknikleriyle de\u011fil, g\u00fcnl\u00fck hayatta da bireylere rehberlik eden bir disiplin olmas\u0131n\u0131 sa\u011flar.<\/p>\n<p><strong>Teknikler ve Fiziksel Geli\u015fim<\/strong><br \/>Taekwondo\u2019nun fiziksel yap\u0131s\u0131, h\u0131zl\u0131 ve etkili vuru\u015flar, y\u00fcksek tekmeler ve dengeye dayal\u0131 hareketlerden olu\u015fur. Teknikler, sald\u0131r\u0131 ve savunmay\u0131 birle\u015ftirerek bireyin hem \u00e7evik hem de g\u00fc\u00e7l\u00fc olmas\u0131n\u0131 sa\u011flar. Taekwondo antrenmanlar\u0131, esneklik, dayan\u0131kl\u0131l\u0131k, h\u0131z ve koordinasyonu geli\u015ftirmek i\u00e7in tasarlanm\u0131\u015ft\u0131r. Ayn\u0131 zamanda sporculara \u00f6z savunma becerileri kazand\u0131rarak, g\u00fcnl\u00fck hayatta kar\u015f\u0131la\u015fabilecekleri zorluklarla ba\u015fa \u00e7\u0131kma yetene\u011fi sunar.<\/p>\n<p><strong>Taekwondo\u2019nun Bireysel ve Sosyal Katk\u0131lar\u0131<\/strong><br \/>Taekwondo, sadece fiziksel geli\u015fim sa\u011flamakla kalmaz, ayn\u0131 zamanda bireye \u00f6zg\u00fcven kazand\u0131r\u0131r ve zihinsel odaklanmay\u0131 art\u0131r\u0131r. \u00c7ocuklar i\u00e7in disiplin ve sorumluluk duygusu a\u015f\u0131layan bu spor, yeti\u015fkinler i\u00e7in de stres y\u00f6netimi ve fiziksel sa\u011fl\u0131k a\u00e7\u0131s\u0131ndan \u00f6nemli bir ara\u00e7t\u0131r. Grup derslerinde tak\u0131m ruhu geli\u015ftirilirken, bireysel derslerde ki\u015fiye \u00f6zel ilerleme imkan\u0131 sunulur.<\/p>\n<p>Sosyal bir ortamda yap\u0131lan Taekwondo antrenmanlar\u0131, bireylerin yeni arkada\u015fl\u0131klar kurmas\u0131n\u0131 ve sosyal ba\u011flar\u0131n\u0131 g\u00fc\u00e7lendirmesini sa\u011flar. Sporun olumlu enerjisi, ya\u015fam kalitesini art\u0131r\u0131r ve bireyi daha pozitif bir ruh haline y\u00f6nlendirir.<\/p>\n<p><strong>Taekwondo ile Yeni Bir Ba\u015flang\u0131\u00e7 Yap\u0131n!<\/strong><br \/>Her ya\u015f ve seviyeden bireyler i\u00e7in uygun olan Taekwondo, hayat\u0131n\u0131za hem fiziksel hem de zihinsel anlamda yeni bir soluk getirebilir. Hem bireysel olarak kendinizi geli\u015ftirmek hem de bir toplulu\u011fun par\u00e7as\u0131 olmak i\u00e7in Taekwondo\u2019nun benzersiz d\u00fcnyas\u0131na ad\u0131m atabilirsiniz.<\/p>\n<p>Nedim Ku\u015f\u00e7u Spor Kul\u00fcb\u00fc olarak, her ya\u015ftan ve seviyeden kat\u0131l\u0131mc\u0131ya, uzman e\u011fitmenlerimiz e\u015fli\u011finde Taekwondo\u2019nun ruhunu ve de\u011ferlerini aktar\u0131yoruz. Hedeflerinize ula\u015fmak ve bu e\u015fsiz sporun bir par\u00e7as\u0131 olmak i\u00e7in sizi kul\u00fcb\u00fcm\u00fcze davet ediyoruz. \ud83e\udd4b<\/p><\/div>\n\t\t\t\t<\/div>\n\t\t\t\t<\/div>\n\t\t\t\t\t<\/div>\n\t\t<\/div>\n\t\t\t\t\t\t\t<\/div>\n\t\t<\/section>\n\t\t\t\t<section class=\"elementor-section elementor-top-section elementor-element elementor-element-c8932aa elementor-section-boxed elementor-section-height-default elementor-section-height-default\" data-id=\"c8932aa\" data-element_type=\"section\">\n\t\t\t\t\t\t<div class=\"elementor-container elementor-column-gap-default\">\n\t\t\t\t\t<div class=\"elementor-column elementor-col-50 elementor-top-column elementor-element elementor-element-9c0e59d\" data-id=\"9c0e59d\" data-element_type=\"column\">\n\t\t\t<div class=\"elementor-widget-wrap\">\n\t\t\t\t\t\t\t\t\t<\/div>\n\t\t<\/div>\n\t\t\t\t<div class=\"elementor-column elementor-col-50 elementor-top-column elementor-element elementor-element-10056c8\" data-id=\"10056c8\" data-element_type=\"column\">\n\t\t\t<div class=\"elementor-widget-wrap\">\n\t\t\t\t\t\t\t\t\t<\/div>\n\t\t<\/div>\n\t\t\t\t\t\t\t<\/div>\n\t\t<\/section>\n\t\t\t\t<section class=\"elementor-section elementor-top-section elementor-element elementor-element-3e8e5dab elementor-section-boxed elementor-section-height-default elementor-section-height-default\" data-id=\"3e8e5dab\" data-element_type=\"section\">\n\t\t\t\t\t\t<div class=\"elementor-container elementor-column-gap-wider\">\n\t\t\t\t\t<div class=\"elementor-column elementor-col-50 elementor-top-column elementor-element elementor-element-4d9a2b09\" data-id=\"4d9a2b09\" data-element_type=\"column\">\n\t\t\t<div class=\"elementor-widget-wrap elementor-element-populated\">\n\t\t\t\t\t\t\t\t<div class=\"elementor-element elementor-element-45870c1d elementor-view-stacked elementor-shape-square elementor-vertical-align-middle elementor-position-top elementor-widget elementor-widget-icon-box\" data-id=\"45870c1d\" data-element_type=\"widget\" data-widget_type=\"icon-box.default\">\n\t\t\t\t<div class=\"elementor-widget-container\">\n\t\t\t\t\t<div class=\"elementor-icon-box-wrapper\">\n\t\t\t\t\t\t<div class=\"elementor-icon-box-icon\">\n\t\t\t\t<span class=\"elementor-icon elementor-animation-\" >\n\t\t\t\t<i aria-hidden=\"true\" class=\"fas fa-handshake\"><\/i>\t\t\t\t<\/span>\n\t\t\t<\/div>\n\t\t\t\t\t\t<div class=\"elementor-icon-box-content\">\n\t\t\t\t<h3 class=\"elementor-icon-box-title\">\n\t\t\t\t\t<span >Bizimle \u0130leti\u015fime Ge\u00e7in<\/span>\n\t\t\t\t<\/h3>\n\t\t\t\t\t\t\t<\/div>\n\t\t<\/div>\n\t\t\t\t<\/div>\n\t\t\t\t<\/div>\n\t\t\t\t<div class=\"elementor-element elementor-element-6c611cca elementor-widget elementor-widget-text-editor\" data-id=\"6c611cca\" data-element_type=\"widget\" data-widget_type=\"text-editor.default\">\n\t\t\t\t<div class=\"elementor-widget-container\">\n\t\t\t\t\t<div class=\"elementor-text-editor elementor-clearfix\"><p>Ayl\u0131k, 3 ayl\u0131k ve y\u0131ll\u0131k \u00fcyelik paketleri i\u00e7in hemen aray\u0131n.<\/p><\/div>\n\t\t\t\t<\/div>\n\t\t\t\t<\/div>\n\t\t\t\t<div class=\"elementor-element elementor-element-2e03e06 elementor-position-left elementor-view-default elementor-vertical-align-top elementor-widget elementor-widget-icon-box\" data-id=\"2e03e06\" data-element_type=\"widget\" data-widget_type=\"icon-box.default\">\n\t\t\t\t<div class=\"elementor-widget-container\">\n\t\t\t\t\t<div class=\"elementor-icon-box-wrapper\">\n\t\t\t\t\t\t<div class=\"elementor-icon-box-icon\">\n\t\t\t\t<span class=\"elementor-icon elementor-animation-\" >\n\t\t\t\t<i aria-hidden=\"true\" class=\"fas fa-mobile-alt\"><\/i>\t\t\t\t<\/span>\n\t\t\t<\/div>\n\t\t\t\t\t\t<div class=\"elementor-icon-box-content\">\n\t\t\t\t<h4 class=\"elementor-icon-box-title\">\n\t\t\t\t\t<span >Mobil Telefon 7\/24  <\/span>\n\t\t\t\t<\/h4>\n\t\t\t\t\t\t\t\t<p class=\"elementor-icon-box-description\">0532 323 59 12<\/p>\n\t\t\t\t\t\t\t<\/div>\n\t\t<\/div>\n\t\t\t\t<\/div>\n\t\t\t\t<\/div>\n\t\t\t\t<div class=\"elementor-element elementor-element-19b53eea elementor-position-left elementor-view-default elementor-vertical-align-top elementor-widget elementor-widget-icon-box\" data-id=\"19b53eea\" data-element_type=\"widget\" data-widget_type=\"icon-box.default\">\n\t\t\t\t<div class=\"elementor-widget-container\">\n\t\t\t\t\t<div class=\"elementor-icon-box-wrapper\">\n\t\t\t\t\t\t<div class=\"elementor-icon-box-icon\">\n\t\t\t\t<span class=\"elementor-icon elementor-animation-\" >\n\t\t\t\t<i aria-hidden=\"true\" class=\"fas fa-phone-alt\"><\/i>\t\t\t\t<\/span>\n\t\t\t<\/div>\n\t\t\t\t\t\t<div class=\"elementor-icon-box-content\">\n\t\t\t\t<h4 class=\"elementor-icon-box-title\">\n\t\t\t\t\t<span >Telefon<\/span>\n\t\t\t\t<\/h4>\n\t\t\t\t\t\t\t\t<p class=\"elementor-icon-box-description\">0212 646 36 85<\/p>\n\t\t\t\t\t\t\t<\/div>\n\t\t<\/div>\n\t\t\t\t<\/div>\n\t\t\t\t<\/div>\n\t\t\t\t<div class=\"elementor-element elementor-element-6749b453 elementor-position-left elementor-view-default elementor-vertical-align-top elementor-widget elementor-widget-icon-box\" data-id=\"6749b453\" data-element_type=\"widget\" data-widget_type=\"icon-box.default\">\n\t\t\t\t<div class=\"elementor-widget-container\">\n\t\t\t\t\t<div class=\"elementor-icon-box-wrapper\">\n\t\t\t\t\t\t<div class=\"elementor-icon-box-icon\">\n\t\t\t\t<span class=\"elementor-icon elementor-animation-\" >\n\t\t\t\t<i aria-hidden=\"true\" class=\"fas fa-mail-bulk\"><\/i>\t\t\t\t<\/span>\n\t\t\t<\/div>\n\t\t\t\t\t\t<div class=\"elementor-icon-box-content\">\n\t\t\t\t<h4 class=\"elementor-icon-box-title\">\n\t\t\t\t\t<span >E-posta <\/span>\n\t\t\t\t<\/h4>\n\t\t\t\t\t\t\t\t<p class=\"elementor-icon-box-description\">nedimkuscu1@gmail.com<\/p>\n\t\t\t\t\t\t\t<\/div>\n\t\t<\/div>\n\t\t\t\t<\/div>\n\t\t\t\t<\/div>\n\t\t\t\t<div class=\"elementor-element elementor-element-7120c685 elementor-align-center elementor-widget-mobile__width-inherit elementor-widget elementor-widget-button\" data-id=\"7120c685\" data-element_type=\"widget\" data-widget_type=\"button.default\">\n\t\t\t\t<div class=\"elementor-widget-container\">\n\t\t\t\t\t<div class=\"elementor-button-wrapper\">\n\t\t\t<a href=\"tel:05323235912\" class=\"elementor-button-link elementor-button elementor-size-lg\" role=\"button\">\n\t\t\t\t\t\t<span class=\"elementor-button-content-wrapper\">\n\t\t\t\t\t\t<span class=\"elementor-button-icon elementor-align-icon-left\">\n\t\t\t\t<i aria-hidden=\"true\" class=\"fas fa-phone-alt\"><\/i>\t\t\t<\/span>\n\t\t\t\t\t\t<span class=\"elementor-button-text\">bizi aray\u0131n<\/span>\n\t\t<\/span>\n\t\t\t\t\t<\/a>\n\t\t<\/div>\n\t\t\t\t<\/div>\n\t\t\t\t<\/div>\n\t\t\t\t\t<\/div>\n\t\t<\/div>\n\t\t\t\t<div class=\"elementor-column elementor-col-50 elementor-top-column elementor-element elementor-element-55c9fcad\" data-id=\"55c9fcad\" data-element_type=\"column\">\n\t\t\t<div class=\"elementor-widget-wrap elementor-element-populated\">\n\t\t\t\t\t\t\t\t<div class=\"elementor-element elementor-element-47f93e7c elementor-view-stacked elementor-shape-square elementor-vertical-align-middle elementor-position-top elementor-widget elementor-widget-icon-box\" data-id=\"47f93e7c\" data-element_type=\"widget\" data-widget_type=\"icon-box.default\">\n\t\t\t\t<div class=\"elementor-widget-container\">\n\t\t\t\t\t<div class=\"elementor-icon-box-wrapper\">\n\t\t\t\t\t\t<div class=\"elementor-icon-box-icon\">\n\t\t\t\t<span class=\"elementor-icon elementor-animation-\" >\n\t\t\t\t<i aria-hidden=\"true\" class=\"fas fa-location-arrow\"><\/i>\t\t\t\t<\/span>\n\t\t\t<\/div>\n\t\t\t\t\t\t<div class=\"elementor-icon-box-content\">\n\t\t\t\t<h3 class=\"elementor-icon-box-title\">\n\t\t\t\t\t<span >B\u0130Z\u0130 Z\u0130YARET ED\u0130N<\/span>\n\t\t\t\t<\/h3>\n\t\t\t\t\t\t\t\t<p class=\"elementor-icon-box-description\">\nDiledi\u011finiz zaman ziyaret edebilirsiniz. Randevu i\u00e7in aray\u0131n\u0131z.<\/p>\n\t\t\t\t\t\t\t<\/div>\n\t\t<\/div>\n\t\t\t\t<\/div>\n\t\t\t\t<\/div>\n\t\t\t\t<div class=\"elementor-element elementor-element-768e3d9b elementor-widget elementor-widget-text-editor\" data-id=\"768e3d9b\" data-element_type=\"widget\" data-widget_type=\"text-editor.default\">\n\t\t\t\t<div class=\"elementor-widget-container\">\n\t\t\t\t\t<div class=\"elementor-text-editor elementor-clearfix\"><p>G\u00fcng\u00f6ren &#8211; Gen\u00e7osman b\u00f6lgesinde hizmet vermekteyiz<\/p><\/div>\n\t\t\t\t<\/div>\n\t\t\t\t<\/div>\n\t\t\t\t<div class=\"elementor-element elementor-element-79b1b809 elementor-position-left elementor-view-default elementor-vertical-align-top elementor-widget elementor-widget-icon-box\" data-id=\"79b1b809\" data-element_type=\"widget\" data-widget_type=\"icon-box.default\">\n\t\t\t\t<div class=\"elementor-widget-container\">\n\t\t\t\t\t<div class=\"elementor-icon-box-wrapper\">\n\t\t\t\t\t\t<div class=\"elementor-icon-box-icon\">\n\t\t\t\t<span class=\"elementor-icon elementor-animation-\" >\n\t\t\t\t<i aria-hidden=\"true\" class=\"far fa-clock\"><\/i>\t\t\t\t<\/span>\n\t\t\t<\/div>\n\t\t\t\t\t\t<div class=\"elementor-icon-box-content\">\n\t\t\t\t<h4 class=\"elementor-icon-box-title\">\n\t\t\t\t\t<span >\u00c7al\u0131\u015fma saatleri <\/span>\n\t\t\t\t<\/h4>\n\t\t\t\t\t\t\t\t<p class=\"elementor-icon-box-description\">Hafta i\u00e7i: 09:00 - 22:00\nHafta sonu: 09:00 - 22:00<\/p>\n\t\t\t\t\t\t\t<\/div>\n\t\t<\/div>\n\t\t\t\t<\/div>\n\t\t\t\t<\/div>\n\t\t\t\t<div class=\"elementor-element elementor-element-2f5f487f elementor-position-left elementor-view-default elementor-vertical-align-top elementor-widget elementor-widget-icon-box\" data-id=\"2f5f487f\" data-element_type=\"widget\" data-widget_type=\"icon-box.default\">\n\t\t\t\t<div class=\"elementor-widget-container\">\n\t\t\t\t\t<div class=\"elementor-icon-box-wrapper\">\n\t\t\t\t\t\t<div class=\"elementor-icon-box-icon\">\n\t\t\t\t<span class=\"elementor-icon elementor-animation-\" >\n\t\t\t\t<i aria-hidden=\"true\" class=\"fas fa-search-location\"><\/i>\t\t\t\t<\/span>\n\t\t\t<\/div>\n\t\t\t\t\t\t<div class=\"elementor-icon-box-content\">\n\t\t\t\t<h4 class=\"elementor-icon-box-title\">\n\t\t\t\t\t<span >Adres<\/span>\n\t\t\t\t<\/h4>\n\t\t\t\t\t\t\t\t<p class=\"elementor-icon-box-description\">Gen\u00e7osman Mah, Uzay Sokak No:9, G\u00fcng\u00f6ren\/\u0130stanbul\n\n<\/p>\n\t\t\t\t\t\t\t<\/div>\n\t\t<\/div>\n\t\t\t\t<\/div>\n\t\t\t\t<\/div>\n\t\t\t\t<div class=\"elementor-element elementor-element-4b8ebbde elementor-align-center elementor-widget-mobile__width-inherit elementor-widget elementor-widget-button\" data-id=\"4b8ebbde\" data-element_type=\"widget\" data-widget_type=\"button.default\">\n\t\t\t\t<div class=\"elementor-widget-container\">\n\t\t\t\t\t<div class=\"elementor-button-wrapper\">\n\t\t\t<a href=\"https:\/\/maps.google.com\/maps?ll=41.027668,28.880399&#038;z=15&#038;t=m&#038;hl=tr-TR&#038;gl=US&#038;mapclient=embed&#038;daddr=Nedim%20Ku%C5%9F%C3%A7u%20Spor%20Kul%C3%BCb%C3%BC%20Gen%C3%A7osman%209%20Uzay%20Sk.%2C%2034165%20G%C3%BCng%C3%B6ren%2F%C4%B0stanbul@41.02766769999999,28.8803992\" class=\"elementor-button-link elementor-button elementor-size-lg\" role=\"button\">\n\t\t\t\t\t\t<span class=\"elementor-button-content-wrapper\">\n\t\t\t\t\t\t<span class=\"elementor-button-icon elementor-align-icon-left\">\n\t\t\t\t<i aria-hidden=\"true\" class=\"fas fa-map-marker-alt\"><\/i>\t\t\t<\/span>\n\t\t\t\t\t\t<span class=\"elementor-button-text\">YOL TAR\u0130F\u0130 ALIN<\/span>\n\t\t<\/span>\n\t\t\t\t\t<\/a>\n\t\t<\/div>\n\t\t\t\t<\/div>\n\t\t\t\t<\/div>\n\t\t\t\t\t<\/div>\n\t\t<\/div>\n\t\t\t\t\t\t\t<\/div>\n\t\t<\/section>\n\t\t\t\t\t\t<\/div>\n\t\t\t\t\t<\/div>\n\t\t","protected":false},"excerpt":{"rendered":"<p>taekwondo: bir d\u00f6v\u00fc\u015f sanat\u0131 ve hayat felsefesi Taekwondo: D\u00f6v\u00fc\u015f Sanat\u0131n\u0131n \u00d6tesinde Bir Hayat Felsefesi Taekwondo Nedir?Taekwondo, k\u00f6keni Kore\u2019ye dayanan ve hem fiziksel hem de zihinsel disiplini birle\u015ftiren bir d\u00f6v\u00fc\u015f sanat\u0131d\u0131r. Kelime anlam\u0131yla &#8220;tae&#8221; ayakla yap\u0131lan vuru\u015flar\u0131, &#8220;kwon&#8221; yumrukla yap\u0131lan savunma ve sald\u0131r\u0131lar\u0131, &#8220;do&#8221; ise bir ya\u015fam yolu ya da felsefeyi ifade eder. Bu nedenle Taekwondo, [&hellip;]<\/p>\n","protected":false},"author":1,"featured_media":0,"parent":0,"menu_order":0,"comment_status":"closed","ping_status":"closed","template":"","meta":{"site-sidebar-layout":"default","site-content-layout":"","ast-site-content-layout":"default","site-content-style":"default","site-sidebar-style":"default","ast-global-header-display":"","ast-banner-title-visibility":"","ast-main-header-display":"","ast-hfb-above-header-display":"","ast-hfb-below-header-display":"","ast-hfb-mobile-header-display":"","site-post-title":"disabled","ast-breadcrumbs-content":"","ast-featured-img":"","footer-sml-layout":"","theme-transparent-header-meta":"","adv-header-id-meta":"","stick-header-meta":"","header-above-stick-meta":"","header-main-stick-meta":"","header-below-stick-meta":"","astra-migrate-meta-layouts":"set","ast-page-background-enabled":"default","ast-page-background-meta":{"desktop":{"background-color":"","background-image":"","background-repeat":"repeat","background-position":"center center","background-size":"auto","background-attachment":"scroll","background-type":"","background-media":"","overlay-type":"","overlay-color":"","overlay-opacity":"","overlay-gradient":""},"tablet":{"background-color":"","background-image":"","background-repeat":"repeat","background-position":"center center","background-size":"auto","background-attachment":"scroll","background-type":"","background-media":"","overlay-type":"","overlay-color":"","overlay-opacity":"","overlay-gradient":""},"mobile":{"background-color":"","background-image":"","background-repeat":"repeat","background-position":"center center","background-size":"auto","background-attachment":"scroll","background-type":"","background-media":"","overlay-type":"","overlay-color":"","overlay-opacity":"","overlay-gradient":""}},"ast-content-background-meta":{"desktop":{"background-color":"var(--ast-global-color-5)","background-image":"","background-repeat":"repeat","background-position":"center center","background-size":"auto","background-attachment":"scroll","background-type":"","background-media":"","overlay-type":"","overlay-color":"","overlay-opacity":"","overlay-gradient":""},"tablet":{"background-color":"var(--ast-global-color-5)","background-image":"","background-repeat":"repeat","background-position":"center center","background-size":"auto","background-attachment":"scroll","background-type":"","background-media":"","overlay-type":"","overlay-color":"","overlay-opacity":"","overlay-gradient":""},"mobile":{"background-color":"var(--ast-global-color-5)","background-image":"","background-repeat":"repeat","background-position":"center center","background-size":"auto","background-attachment":"scroll","background-type":"","background-media":"","overlay-type":"","overlay-color":"","overlay-opacity":"","overlay-gradient":""}},"footnotes":""},"class_list":["post-2745","page","type-page","status-publish","hentry"],"_links":{"self":[{"href":"https:\/\/nedimkuscusporkulubu.com\/index.php\/wp-json\/wp\/v2\/pages\/2745","targetHints":{"allow":["GET"]}}],"collection":[{"href":"https:\/\/nedimkuscusporkulubu.com\/index.php\/wp-json\/wp\/v2\/pages"}],"about":[{"href":"https:\/\/nedimkuscusporkulubu.com\/index.php\/wp-json\/wp\/v2\/types\/page"}],"author":[{"embeddable":true,"href":"https:\/\/nedimkuscusporkulubu.com\/index.php\/wp-json\/wp\/v2\/users\/1"}],"replies":[{"embeddable":true,"href":"https:\/\/nedimkuscusporkulubu.com\/index.php\/wp-json\/wp\/v2\/comments?post=2745"}],"version-history":[{"count":29,"href":"https:\/\/nedimkuscusporkulubu.com\/index.php\/wp-json\/wp\/v2\/pages\/2745\/revisions"}],"predecessor-version":[{"id":3395,"href":"https:\/\/nedimkuscusporkulubu.com\/index.php\/wp-json\/wp\/v2\/pages\/2745\/revisions\/3395"}],"wp:attachment":[{"href":"https:\/\/nedimkuscusporkulubu.com\/index.php\/wp-json\/wp\/v2\/media?parent=2745"}],"curies":[{"name":"wp","href":"https:\/\/api.w.org\/{rel}","templated":true}]}}