{"id":2785,"date":"2025-01-25T17:47:35","date_gmt":"2025-01-25T17:47:35","guid":{"rendered":"https:\/\/nedimkuscusporkulubu.com\/?page_id=2785"},"modified":"2025-01-28T20:55:01","modified_gmt":"2025-01-28T20:55:01","slug":"spor-yapmanin-faydalari-saglikli-bir-yasamin-anahtari","status":"publish","type":"page","link":"https:\/\/nedimkuscusporkulubu.com\/index.php\/spor-yapmanin-faydalari-saglikli-bir-yasamin-anahtari\/","title":{"rendered":"Spor Yapman\u0131n Faydalar\u0131: Sa\u011fl\u0131kl\u0131 Bir Ya\u015fam\u0131n Anahtar\u0131"},"content":{"rendered":"\t\t<div data-elementor-type=\"wp-page\" data-elementor-id=\"2785\" class=\"elementor elementor-2785\" data-elementor-settings=\"[]\">\n\t\t\t\t\t\t\t<div class=\"elementor-section-wrap\">\n\t\t\t\t\t\t\t<section class=\"elementor-section elementor-top-section elementor-element elementor-element-c7b78d7 elementor-section-boxed elementor-section-height-default elementor-section-height-default\" data-id=\"c7b78d7\" data-element_type=\"section\">\n\t\t\t\t\t\t<div class=\"elementor-container elementor-column-gap-default\">\n\t\t\t\t\t<div class=\"elementor-column elementor-col-100 elementor-top-column elementor-element elementor-element-e67a429\" data-id=\"e67a429\" data-element_type=\"column\">\n\t\t\t<div class=\"elementor-widget-wrap elementor-element-populated\">\n\t\t\t\t\t\t\t\t<div class=\"elementor-element elementor-element-c64a8dc elementor-widget elementor-widget-heading\" data-id=\"c64a8dc\" data-element_type=\"widget\" data-widget_type=\"heading.default\">\n\t\t\t\t<div class=\"elementor-widget-container\">\n\t\t\t<h1 class=\"elementor-heading-title elementor-size-default\">Spor Yapman\u0131n Faydalar\u0131: <br>Sa\u011fl\u0131kl\u0131 Bir Ya\u015fam\u0131n Anahtar\u0131<\/h1>\t\t<\/div>\n\t\t\t\t<\/div>\n\t\t\t\t\t<\/div>\n\t\t<\/div>\n\t\t\t\t\t\t\t<\/div>\n\t\t<\/section>\n\t\t\t\t<section class=\"elementor-section elementor-top-section elementor-element elementor-element-ea7abc0 elementor-section-boxed elementor-section-height-default elementor-section-height-default\" data-id=\"ea7abc0\" data-element_type=\"section\">\n\t\t\t\t\t\t<div class=\"elementor-container elementor-column-gap-default\">\n\t\t\t\t\t<div class=\"elementor-column elementor-col-100 elementor-top-column elementor-element elementor-element-cf11619\" data-id=\"cf11619\" data-element_type=\"column\">\n\t\t\t<div class=\"elementor-widget-wrap elementor-element-populated\">\n\t\t\t\t\t\t\t\t<div class=\"elementor-element elementor-element-f55039a elementor-widget elementor-widget-image\" data-id=\"f55039a\" data-element_type=\"widget\" data-widget_type=\"image.default\">\n\t\t\t\t<div class=\"elementor-widget-container\">\n\t\t\t\t\t<div class=\"elementor-image\">\n\t\t\t\t\t\t\t\t\t\t<img loading=\"lazy\" decoding=\"async\" width=\"843\" height=\"843\" src=\"https:\/\/nedimkuscusporkulubu.com\/wp-content\/uploads\/2025\/01\/IMG-20250125-WA0016.jpg\" class=\"attachment-large size-large\" alt=\"\" \/>\t\t\t\t\t\t\t\t\t\t\t<\/div>\n\t\t\t\t<\/div>\n\t\t\t\t<\/div>\n\t\t\t\t\t<\/div>\n\t\t<\/div>\n\t\t\t\t\t\t\t<\/div>\n\t\t<\/section>\n\t\t\t\t<section class=\"elementor-section elementor-top-section elementor-element elementor-element-1be05a7 elementor-section-boxed elementor-section-height-default elementor-section-height-default\" data-id=\"1be05a7\" data-element_type=\"section\">\n\t\t\t\t\t\t<div class=\"elementor-container elementor-column-gap-default\">\n\t\t\t\t\t<div class=\"elementor-column elementor-col-100 elementor-top-column elementor-element elementor-element-534cbf1\" data-id=\"534cbf1\" data-element_type=\"column\">\n\t\t\t<div class=\"elementor-widget-wrap elementor-element-populated\">\n\t\t\t\t\t\t\t\t<div class=\"elementor-element elementor-element-89875f8 elementor-widget elementor-widget-text-editor\" data-id=\"89875f8\" data-element_type=\"widget\" data-widget_type=\"text-editor.default\">\n\t\t\t\t<div class=\"elementor-widget-container\">\n\t\t\t\t\t<div class=\"elementor-text-editor elementor-clearfix\"><p><strong>Spor Yapman\u0131n Faydalar\u0131: Sa\u011fl\u0131kl\u0131 Bir Ya\u015fam\u0131n Anahtar\u0131<\/strong><\/p><p>Spor, sadece fiziksel g\u00f6r\u00fcn\u00fcm\u00fc iyile\u015ftirmekle kalmaz, ayn\u0131 zamanda ruhsal ve zihinsel sa\u011fl\u0131\u011f\u0131 da olumlu y\u00f6nde etkileyen bir aktivitedir. D\u00fczenli olarak spor yapman\u0131n faydalar\u0131, ya\u015fam\u0131n her alan\u0131nda hissedilir ve bireylerin hem bedensel hem de zihinsel a\u00e7\u0131dan daha sa\u011fl\u0131kl\u0131 bir hayat s\u00fcrmesine katk\u0131 sa\u011flar.<\/p><p>\u0130\u015fte spor yapman\u0131n en \u00f6nemli faydalar\u0131:<\/p><h3><strong>1. Fiziksel Sa\u011fl\u0131\u011f\u0131 \u0130yile\u015ftirir<\/strong><\/h3><ul><li><strong>Kardiyovask\u00fcler Sa\u011fl\u0131k:<\/strong> Spor, kalp ve damar sa\u011fl\u0131\u011f\u0131n\u0131 destekler, kan dola\u015f\u0131m\u0131n\u0131 art\u0131r\u0131r ve kalp hastal\u0131klar\u0131 riskini azalt\u0131r.<\/li><li><strong>Kas ve Kemik G\u00fcc\u00fc:<\/strong> Egzersizler kaslar\u0131 g\u00fc\u00e7lendirir ve kemik yo\u011funlu\u011funu art\u0131rarak osteoporoz gibi hastal\u0131klar\u0131n \u00f6n\u00fcne ge\u00e7er.<\/li><li><strong>Kilo Y\u00f6netimi:<\/strong> Spor, kalori yak\u0131m\u0131n\u0131 art\u0131r\u0131r ve kilo verme ya da alma hedeflerine ula\u015fmada etkili bir ara\u00e7t\u0131r.<\/li><li><strong>Dayan\u0131kl\u0131l\u0131k ve Enerji:<\/strong> D\u00fczenli spor, v\u00fccudun dayan\u0131kl\u0131l\u0131\u011f\u0131n\u0131 art\u0131r\u0131r ve g\u00fcnl\u00fck aktiviteler i\u00e7in daha fazla enerji sa\u011flar.<\/li><\/ul><h3><strong>2. Zihinsel Sa\u011fl\u0131\u011f\u0131 Destekler<\/strong><\/h3><ul><li><strong>Stres Azalt\u0131c\u0131 Etki:<\/strong> Spor yapmak, stres hormonlar\u0131n\u0131 azalt\u0131r ve mutluluk hormonu olan endorfinin salg\u0131lanmas\u0131n\u0131 art\u0131r\u0131r. Bu da daha rahat ve mutlu bir ruh hali sa\u011flar.<\/li><li><strong>Depresyon ve Anksiyete:<\/strong> D\u00fczenli egzersiz, depresyon ve kayg\u0131y\u0131 azaltmada do\u011fal bir y\u00f6ntemdir. Spor, zihin ve beden aras\u0131nda denge kurar.<\/li><li><strong>Odaklanma ve Haf\u0131za:<\/strong> Spor, beyne daha fazla oksijen ta\u015f\u0131nmas\u0131n\u0131 sa\u011flar ve bili\u015fsel i\u015flevleri geli\u015ftirir. Bu da \u00f6\u011frenme, odaklanma ve haf\u0131za \u00fczerinde olumlu etkiler yarat\u0131r.<\/li><\/ul><h3><strong>3. Sosyal Ba\u011flar\u0131 G\u00fc\u00e7lendirir<\/strong><\/h3><ul><li>Spor, sosyal bir aktivite olarak bireyleri bir araya getirir. Tak\u0131m sporlar\u0131 veya grup dersleri, yeni insanlarla tan\u0131\u015fmay\u0131 ve g\u00fc\u00e7l\u00fc sosyal ba\u011flar kurmay\u0131 sa\u011flar.<\/li><li>Ayn\u0131 zamanda spor, bireylerde empati, i\u015f birli\u011fi ve liderlik gibi sosyal becerilerin geli\u015fmesine yard\u0131mc\u0131 olur.<\/li><\/ul><h3><strong>4. Disiplin ve \u00d6zg\u00fcveni Art\u0131r\u0131r<\/strong><\/h3><ul><li>Spor yapmak, d\u00fczenli bir rutine ba\u011fl\u0131 kalmay\u0131 gerektirir. Bu, bireyde disiplin duygusunu geli\u015ftirir ve hedeflere ula\u015fmada motivasyonu art\u0131r\u0131r.<\/li><li>Spor yoluyla elde edilen fiziksel geli\u015fim, bireylerin kendilerine olan g\u00fcvenini art\u0131r\u0131r ve pozitif bir beden alg\u0131s\u0131 yarat\u0131r.<\/li><\/ul><h3><strong>5. Uyku Kalitesini \u0130yile\u015ftirir<\/strong><\/h3><ul><li>D\u00fczenli egzersiz, uyku d\u00fczenini destekler ve daha derin bir uyku uyumay\u0131 sa\u011flar. Spor yapan bireyler, genellikle sabahlar\u0131 daha enerjik ve din\u00e7 uyan\u0131r.<\/li><\/ul><h3><strong>6. Ba\u011f\u0131\u015f\u0131kl\u0131k Sistemini G\u00fc\u00e7lendirir<\/strong><\/h3><ul><li>Spor, ba\u011f\u0131\u015f\u0131kl\u0131k sistemini g\u00fc\u00e7lendirerek v\u00fccudu enfeksiyonlara kar\u015f\u0131 korur. D\u00fczenli egzersiz yapan bireyler, hastal\u0131klara kar\u015f\u0131 daha diren\u00e7lidir.<\/li><\/ul><h3><strong>7. Uzun \u00d6m\u00fcr Sa\u011flar<\/strong><\/h3><ul><li>Yap\u0131lan ara\u015ft\u0131rmalar, d\u00fczenli spor yapan bireylerin daha uzun ve sa\u011fl\u0131kl\u0131 bir ya\u015fam s\u00fcrd\u00fc\u011f\u00fcn\u00fc g\u00f6stermektedir. Spor, ya\u015flanma s\u00fcrecini yava\u015flat\u0131r ve ya\u015fam kalitesini art\u0131r\u0131r.<\/li><\/ul><h3><strong>Harekete Ge\u00e7in!<\/strong><\/h3><p>Spor, yaln\u0131zca sa\u011fl\u0131kl\u0131 bir v\u00fccut ve zihin i\u00e7in de\u011fil, ayn\u0131 zamanda mutlu ve dengeli bir ya\u015fam i\u00e7in de gereklidir. K\u00fc\u00e7\u00fck bir ad\u0131mla ba\u015flayarak, d\u00fczenli spor yapmay\u0131 bir al\u0131\u015fkanl\u0131k haline getirebilirsiniz. Hangi ya\u015fta olursan\u0131z olun, spor yapmak i\u00e7in asla ge\u00e7 de\u011fildir.<\/p><p>Nedim Ku\u015f\u00e7u Spor Kul\u00fcb\u00fc olarak, spor yapmay\u0131 hayat\u0131n\u0131z\u0131n bir par\u00e7as\u0131 haline getirmeniz i\u00e7in profesyonel e\u011fitmenlerimiz ve modern olanaklar\u0131m\u0131zla yan\u0131n\u0131zday\u0131z. Bug\u00fcn bir ad\u0131m at\u0131n, sa\u011fl\u0131kl\u0131 ve g\u00fc\u00e7l\u00fc bir gelece\u011fe merhaba deyin! \ud83d\udcaa<\/p><\/div>\n\t\t\t\t<\/div>\n\t\t\t\t<\/div>\n\t\t\t\t\t<\/div>\n\t\t<\/div>\n\t\t\t\t\t\t\t<\/div>\n\t\t<\/section>\n\t\t\t\t<section class=\"elementor-section elementor-top-section elementor-element elementor-element-599d63b1 elementor-section-boxed elementor-section-height-default elementor-section-height-default\" data-id=\"599d63b1\" data-element_type=\"section\">\n\t\t\t\t\t\t<div class=\"elementor-container elementor-column-gap-wider\">\n\t\t\t\t\t<div class=\"elementor-column elementor-col-50 elementor-top-column elementor-element elementor-element-60cf1ec2\" data-id=\"60cf1ec2\" data-element_type=\"column\">\n\t\t\t<div class=\"elementor-widget-wrap elementor-element-populated\">\n\t\t\t\t\t\t\t\t<div class=\"elementor-element elementor-element-5c203e6f elementor-view-stacked elementor-shape-square elementor-vertical-align-middle elementor-position-top elementor-widget elementor-widget-icon-box\" data-id=\"5c203e6f\" data-element_type=\"widget\" data-widget_type=\"icon-box.default\">\n\t\t\t\t<div class=\"elementor-widget-container\">\n\t\t\t\t\t<div class=\"elementor-icon-box-wrapper\">\n\t\t\t\t\t\t<div class=\"elementor-icon-box-icon\">\n\t\t\t\t<span class=\"elementor-icon elementor-animation-\" >\n\t\t\t\t<i aria-hidden=\"true\" class=\"fas fa-handshake\"><\/i>\t\t\t\t<\/span>\n\t\t\t<\/div>\n\t\t\t\t\t\t<div class=\"elementor-icon-box-content\">\n\t\t\t\t<h3 class=\"elementor-icon-box-title\">\n\t\t\t\t\t<span >Bizimle \u0130leti\u015fime Ge\u00e7in<\/span>\n\t\t\t\t<\/h3>\n\t\t\t\t\t\t\t<\/div>\n\t\t<\/div>\n\t\t\t\t<\/div>\n\t\t\t\t<\/div>\n\t\t\t\t<div class=\"elementor-element elementor-element-2daed488 elementor-widget elementor-widget-text-editor\" data-id=\"2daed488\" data-element_type=\"widget\" data-widget_type=\"text-editor.default\">\n\t\t\t\t<div class=\"elementor-widget-container\">\n\t\t\t\t\t<div class=\"elementor-text-editor elementor-clearfix\"><p>Ayl\u0131k, 3 ayl\u0131k ve y\u0131ll\u0131k \u00fcyelik paketleri i\u00e7in hemen aray\u0131n.<\/p><\/div>\n\t\t\t\t<\/div>\n\t\t\t\t<\/div>\n\t\t\t\t<div class=\"elementor-element elementor-element-7386f046 elementor-position-left elementor-view-default elementor-vertical-align-top elementor-widget elementor-widget-icon-box\" data-id=\"7386f046\" data-element_type=\"widget\" data-widget_type=\"icon-box.default\">\n\t\t\t\t<div class=\"elementor-widget-container\">\n\t\t\t\t\t<div class=\"elementor-icon-box-wrapper\">\n\t\t\t\t\t\t<div class=\"elementor-icon-box-icon\">\n\t\t\t\t<span class=\"elementor-icon elementor-animation-\" >\n\t\t\t\t<i aria-hidden=\"true\" class=\"fas fa-mobile-alt\"><\/i>\t\t\t\t<\/span>\n\t\t\t<\/div>\n\t\t\t\t\t\t<div class=\"elementor-icon-box-content\">\n\t\t\t\t<h4 class=\"elementor-icon-box-title\">\n\t\t\t\t\t<span >Mobil Telefon 7\/24  <\/span>\n\t\t\t\t<\/h4>\n\t\t\t\t\t\t\t\t<p class=\"elementor-icon-box-description\">0532 323 59 12<\/p>\n\t\t\t\t\t\t\t<\/div>\n\t\t<\/div>\n\t\t\t\t<\/div>\n\t\t\t\t<\/div>\n\t\t\t\t<div class=\"elementor-element elementor-element-52c29f4c elementor-position-left elementor-view-default elementor-vertical-align-top elementor-widget elementor-widget-icon-box\" data-id=\"52c29f4c\" data-element_type=\"widget\" data-widget_type=\"icon-box.default\">\n\t\t\t\t<div class=\"elementor-widget-container\">\n\t\t\t\t\t<div class=\"elementor-icon-box-wrapper\">\n\t\t\t\t\t\t<div class=\"elementor-icon-box-icon\">\n\t\t\t\t<span class=\"elementor-icon elementor-animation-\" >\n\t\t\t\t<i aria-hidden=\"true\" class=\"fas fa-phone-alt\"><\/i>\t\t\t\t<\/span>\n\t\t\t<\/div>\n\t\t\t\t\t\t<div class=\"elementor-icon-box-content\">\n\t\t\t\t<h4 class=\"elementor-icon-box-title\">\n\t\t\t\t\t<span >Telefon<\/span>\n\t\t\t\t<\/h4>\n\t\t\t\t\t\t\t\t<p class=\"elementor-icon-box-description\">0212 646 36 85<\/p>\n\t\t\t\t\t\t\t<\/div>\n\t\t<\/div>\n\t\t\t\t<\/div>\n\t\t\t\t<\/div>\n\t\t\t\t<div class=\"elementor-element elementor-element-2d459679 elementor-position-left elementor-view-default elementor-vertical-align-top elementor-widget elementor-widget-icon-box\" data-id=\"2d459679\" data-element_type=\"widget\" data-widget_type=\"icon-box.default\">\n\t\t\t\t<div class=\"elementor-widget-container\">\n\t\t\t\t\t<div class=\"elementor-icon-box-wrapper\">\n\t\t\t\t\t\t<div class=\"elementor-icon-box-icon\">\n\t\t\t\t<span class=\"elementor-icon elementor-animation-\" >\n\t\t\t\t<i aria-hidden=\"true\" class=\"fas fa-mail-bulk\"><\/i>\t\t\t\t<\/span>\n\t\t\t<\/div>\n\t\t\t\t\t\t<div class=\"elementor-icon-box-content\">\n\t\t\t\t<h4 class=\"elementor-icon-box-title\">\n\t\t\t\t\t<span >E-posta <\/span>\n\t\t\t\t<\/h4>\n\t\t\t\t\t\t\t\t<p class=\"elementor-icon-box-description\">nedimkuscu1@gmail.com<\/p>\n\t\t\t\t\t\t\t<\/div>\n\t\t<\/div>\n\t\t\t\t<\/div>\n\t\t\t\t<\/div>\n\t\t\t\t<div class=\"elementor-element elementor-element-4c84e8b elementor-align-center elementor-widget-mobile__width-inherit elementor-widget elementor-widget-button\" data-id=\"4c84e8b\" data-element_type=\"widget\" data-widget_type=\"button.default\">\n\t\t\t\t<div class=\"elementor-widget-container\">\n\t\t\t\t\t<div class=\"elementor-button-wrapper\">\n\t\t\t<a href=\"tel:05323235912\" class=\"elementor-button-link elementor-button elementor-size-lg\" role=\"button\">\n\t\t\t\t\t\t<span class=\"elementor-button-content-wrapper\">\n\t\t\t\t\t\t<span class=\"elementor-button-icon elementor-align-icon-left\">\n\t\t\t\t<i aria-hidden=\"true\" class=\"fas fa-phone-alt\"><\/i>\t\t\t<\/span>\n\t\t\t\t\t\t<span class=\"elementor-button-text\">bizi aray\u0131n<\/span>\n\t\t<\/span>\n\t\t\t\t\t<\/a>\n\t\t<\/div>\n\t\t\t\t<\/div>\n\t\t\t\t<\/div>\n\t\t\t\t\t<\/div>\n\t\t<\/div>\n\t\t\t\t<div class=\"elementor-column elementor-col-50 elementor-top-column elementor-element elementor-element-51b9b745\" data-id=\"51b9b745\" data-element_type=\"column\">\n\t\t\t<div class=\"elementor-widget-wrap elementor-element-populated\">\n\t\t\t\t\t\t\t\t<div class=\"elementor-element elementor-element-a492248 elementor-view-stacked elementor-shape-square elementor-vertical-align-middle elementor-position-top elementor-widget elementor-widget-icon-box\" data-id=\"a492248\" data-element_type=\"widget\" data-widget_type=\"icon-box.default\">\n\t\t\t\t<div class=\"elementor-widget-container\">\n\t\t\t\t\t<div class=\"elementor-icon-box-wrapper\">\n\t\t\t\t\t\t<div class=\"elementor-icon-box-icon\">\n\t\t\t\t<span class=\"elementor-icon elementor-animation-\" >\n\t\t\t\t<i aria-hidden=\"true\" class=\"fas fa-location-arrow\"><\/i>\t\t\t\t<\/span>\n\t\t\t<\/div>\n\t\t\t\t\t\t<div class=\"elementor-icon-box-content\">\n\t\t\t\t<h3 class=\"elementor-icon-box-title\">\n\t\t\t\t\t<span >B\u0130Z\u0130 Z\u0130YARET ED\u0130N<\/span>\n\t\t\t\t<\/h3>\n\t\t\t\t\t\t\t\t<p class=\"elementor-icon-box-description\">\nDiledi\u011finiz zaman ziyaret edebilirsiniz. Randevu i\u00e7in aray\u0131n\u0131z.<\/p>\n\t\t\t\t\t\t\t<\/div>\n\t\t<\/div>\n\t\t\t\t<\/div>\n\t\t\t\t<\/div>\n\t\t\t\t<div class=\"elementor-element elementor-element-946bcf8 elementor-widget elementor-widget-text-editor\" data-id=\"946bcf8\" data-element_type=\"widget\" data-widget_type=\"text-editor.default\">\n\t\t\t\t<div class=\"elementor-widget-container\">\n\t\t\t\t\t<div class=\"elementor-text-editor elementor-clearfix\"><p>G\u00fcng\u00f6ren &#8211; Gen\u00e7osman b\u00f6lgesinde hizmet vermekteyiz<\/p><\/div>\n\t\t\t\t<\/div>\n\t\t\t\t<\/div>\n\t\t\t\t<div class=\"elementor-element elementor-element-20c7025 elementor-position-left elementor-view-default elementor-vertical-align-top elementor-widget elementor-widget-icon-box\" data-id=\"20c7025\" data-element_type=\"widget\" data-widget_type=\"icon-box.default\">\n\t\t\t\t<div class=\"elementor-widget-container\">\n\t\t\t\t\t<div class=\"elementor-icon-box-wrapper\">\n\t\t\t\t\t\t<div class=\"elementor-icon-box-icon\">\n\t\t\t\t<span class=\"elementor-icon elementor-animation-\" >\n\t\t\t\t<i aria-hidden=\"true\" class=\"far fa-clock\"><\/i>\t\t\t\t<\/span>\n\t\t\t<\/div>\n\t\t\t\t\t\t<div class=\"elementor-icon-box-content\">\n\t\t\t\t<h4 class=\"elementor-icon-box-title\">\n\t\t\t\t\t<span >\u00c7al\u0131\u015fma saatleri <\/span>\n\t\t\t\t<\/h4>\n\t\t\t\t\t\t\t\t<p class=\"elementor-icon-box-description\">Hafta i\u00e7i: 09:00 - 22:00\nHafta sonu: 09:00 - 22:00<\/p>\n\t\t\t\t\t\t\t<\/div>\n\t\t<\/div>\n\t\t\t\t<\/div>\n\t\t\t\t<\/div>\n\t\t\t\t<div class=\"elementor-element elementor-element-40abd66 elementor-position-left elementor-view-default elementor-vertical-align-top elementor-widget elementor-widget-icon-box\" data-id=\"40abd66\" data-element_type=\"widget\" data-widget_type=\"icon-box.default\">\n\t\t\t\t<div class=\"elementor-widget-container\">\n\t\t\t\t\t<div class=\"elementor-icon-box-wrapper\">\n\t\t\t\t\t\t<div class=\"elementor-icon-box-icon\">\n\t\t\t\t<span class=\"elementor-icon elementor-animation-\" >\n\t\t\t\t<i aria-hidden=\"true\" class=\"fas fa-search-location\"><\/i>\t\t\t\t<\/span>\n\t\t\t<\/div>\n\t\t\t\t\t\t<div class=\"elementor-icon-box-content\">\n\t\t\t\t<h4 class=\"elementor-icon-box-title\">\n\t\t\t\t\t<span >Adres<\/span>\n\t\t\t\t<\/h4>\n\t\t\t\t\t\t\t\t<p class=\"elementor-icon-box-description\">Gen\u00e7osman Mah, Uzay Sokak No:9, G\u00fcng\u00f6ren\/\u0130stanbul\n\n<\/p>\n\t\t\t\t\t\t\t<\/div>\n\t\t<\/div>\n\t\t\t\t<\/div>\n\t\t\t\t<\/div>\n\t\t\t\t<div class=\"elementor-element elementor-element-4bf9dc97 elementor-align-center elementor-widget-mobile__width-inherit elementor-widget elementor-widget-button\" data-id=\"4bf9dc97\" data-element_type=\"widget\" data-widget_type=\"button.default\">\n\t\t\t\t<div class=\"elementor-widget-container\">\n\t\t\t\t\t<div class=\"elementor-button-wrapper\">\n\t\t\t<a href=\"https:\/\/maps.google.com\/maps?ll=41.027668,28.880399&#038;z=15&#038;t=m&#038;hl=tr-TR&#038;gl=US&#038;mapclient=embed&#038;daddr=Nedim%20Ku%C5%9F%C3%A7u%20Spor%20Kul%C3%BCb%C3%BC%20Gen%C3%A7osman%209%20Uzay%20Sk.%2C%2034165%20G%C3%BCng%C3%B6ren%2F%C4%B0stanbul@41.02766769999999,28.8803992\" class=\"elementor-button-link elementor-button elementor-size-lg\" role=\"button\">\n\t\t\t\t\t\t<span class=\"elementor-button-content-wrapper\">\n\t\t\t\t\t\t<span class=\"elementor-button-icon elementor-align-icon-left\">\n\t\t\t\t<i aria-hidden=\"true\" class=\"fas fa-map-marker-alt\"><\/i>\t\t\t<\/span>\n\t\t\t\t\t\t<span class=\"elementor-button-text\">YOL TAR\u0130F\u0130 ALIN<\/span>\n\t\t<\/span>\n\t\t\t\t\t<\/a>\n\t\t<\/div>\n\t\t\t\t<\/div>\n\t\t\t\t<\/div>\n\t\t\t\t\t<\/div>\n\t\t<\/div>\n\t\t\t\t\t\t\t<\/div>\n\t\t<\/section>\n\t\t\t\t\t\t<\/div>\n\t\t\t\t\t<\/div>\n\t\t","protected":false},"excerpt":{"rendered":"<p>Spor Yapman\u0131n Faydalar\u0131: Sa\u011fl\u0131kl\u0131 Bir Ya\u015fam\u0131n Anahtar\u0131 Spor Yapman\u0131n Faydalar\u0131: Sa\u011fl\u0131kl\u0131 Bir Ya\u015fam\u0131n Anahtar\u0131 Spor, sadece fiziksel g\u00f6r\u00fcn\u00fcm\u00fc iyile\u015ftirmekle kalmaz, ayn\u0131 zamanda ruhsal ve zihinsel sa\u011fl\u0131\u011f\u0131 da olumlu y\u00f6nde etkileyen bir aktivitedir. D\u00fczenli olarak spor yapman\u0131n faydalar\u0131, ya\u015fam\u0131n her alan\u0131nda hissedilir ve bireylerin hem bedensel hem de zihinsel a\u00e7\u0131dan daha sa\u011fl\u0131kl\u0131 bir hayat s\u00fcrmesine katk\u0131 [&hellip;]<\/p>\n","protected":false},"author":1,"featured_media":0,"parent":0,"menu_order":0,"comment_status":"closed","ping_status":"closed","template":"","meta":{"site-sidebar-layout":"default","site-content-layout":"","ast-site-content-layout":"default","site-content-style":"default","site-sidebar-style":"default","ast-global-header-display":"","ast-banner-title-visibility":"","ast-main-header-display":"","ast-hfb-above-header-display":"","ast-hfb-below-header-display":"","ast-hfb-mobile-header-display":"","site-post-title":"disabled","ast-breadcrumbs-content":"","ast-featured-img":"","footer-sml-layout":"","theme-transparent-header-meta":"","adv-header-id-meta":"","stick-header-meta":"","header-above-stick-meta":"","header-main-stick-meta":"","header-below-stick-meta":"","astra-migrate-meta-layouts":"set","ast-page-background-enabled":"default","ast-page-background-meta":{"desktop":{"background-color":"","background-image":"","background-repeat":"repeat","background-position":"center center","background-size":"auto","background-attachment":"scroll","background-type":"","background-media":"","overlay-type":"","overlay-color":"","overlay-opacity":"","overlay-gradient":""},"tablet":{"background-color":"","background-image":"","background-repeat":"repeat","background-position":"center center","background-size":"auto","background-attachment":"scroll","background-type":"","background-media":"","overlay-type":"","overlay-color":"","overlay-opacity":"","overlay-gradient":""},"mobile":{"background-color":"","background-image":"","background-repeat":"repeat","background-position":"center center","background-size":"auto","background-attachment":"scroll","background-type":"","background-media":"","overlay-type":"","overlay-color":"","overlay-opacity":"","overlay-gradient":""}},"ast-content-background-meta":{"desktop":{"background-color":"var(--ast-global-color-5)","background-image":"","background-repeat":"repeat","background-position":"center center","background-size":"auto","background-attachment":"scroll","background-type":"","background-media":"","overlay-type":"","overlay-color":"","overlay-opacity":"","overlay-gradient":""},"tablet":{"background-color":"var(--ast-global-color-5)","background-image":"","background-repeat":"repeat","background-position":"center center","background-size":"auto","background-attachment":"scroll","background-type":"","background-media":"","overlay-type":"","overlay-color":"","overlay-opacity":"","overlay-gradient":""},"mobile":{"background-color":"var(--ast-global-color-5)","background-image":"","background-repeat":"repeat","background-position":"center center","background-size":"auto","background-attachment":"scroll","background-type":"","background-media":"","overlay-type":"","overlay-color":"","overlay-opacity":"","overlay-gradient":""}},"footnotes":""},"class_list":["post-2785","page","type-page","status-publish","hentry"],"_links":{"self":[{"href":"https:\/\/nedimkuscusporkulubu.com\/index.php\/wp-json\/wp\/v2\/pages\/2785","targetHints":{"allow":["GET"]}}],"collection":[{"href":"https:\/\/nedimkuscusporkulubu.com\/index.php\/wp-json\/wp\/v2\/pages"}],"about":[{"href":"https:\/\/nedimkuscusporkulubu.com\/index.php\/wp-json\/wp\/v2\/types\/page"}],"author":[{"embeddable":true,"href":"https:\/\/nedimkuscusporkulubu.com\/index.php\/wp-json\/wp\/v2\/users\/1"}],"replies":[{"embeddable":true,"href":"https:\/\/nedimkuscusporkulubu.com\/index.php\/wp-json\/wp\/v2\/comments?post=2785"}],"version-history":[{"count":16,"href":"https:\/\/nedimkuscusporkulubu.com\/index.php\/wp-json\/wp\/v2\/pages\/2785\/revisions"}],"predecessor-version":[{"id":3398,"href":"https:\/\/nedimkuscusporkulubu.com\/index.php\/wp-json\/wp\/v2\/pages\/2785\/revisions\/3398"}],"wp:attachment":[{"href":"https:\/\/nedimkuscusporkulubu.com\/index.php\/wp-json\/wp\/v2\/media?parent=2785"}],"curies":[{"name":"wp","href":"https:\/\/api.w.org\/{rel}","templated":true}]}}