{"id":2831,"date":"2025-01-25T18:18:16","date_gmt":"2025-01-25T18:18:16","guid":{"rendered":"https:\/\/nedimkuscusporkulubu.com\/?page_id=2831"},"modified":"2025-01-28T20:55:23","modified_gmt":"2025-01-28T20:55:23","slug":"taekwondo-cocugunuz-icin-dogru-secim-mi","status":"publish","type":"page","link":"https:\/\/nedimkuscusporkulubu.com\/index.php\/taekwondo-cocugunuz-icin-dogru-secim-mi\/","title":{"rendered":"Taekwondo \u00e7ocu\u011funuz i\u00e7in do\u011fru se\u00e7im mi?"},"content":{"rendered":"\t\t<div data-elementor-type=\"wp-page\" data-elementor-id=\"2831\" class=\"elementor elementor-2831\" data-elementor-settings=\"[]\">\n\t\t\t\t\t\t\t<div class=\"elementor-section-wrap\">\n\t\t\t\t\t\t\t<section class=\"elementor-section elementor-top-section elementor-element elementor-element-16094324 elementor-section-boxed elementor-section-height-default elementor-section-height-default\" data-id=\"16094324\" data-element_type=\"section\">\n\t\t\t\t\t\t<div class=\"elementor-container elementor-column-gap-default\">\n\t\t\t\t\t<div class=\"elementor-column elementor-col-100 elementor-top-column elementor-element elementor-element-c5a4981\" data-id=\"c5a4981\" data-element_type=\"column\">\n\t\t\t<div class=\"elementor-widget-wrap elementor-element-populated\">\n\t\t\t\t\t\t\t\t<div class=\"elementor-element elementor-element-b631291 elementor-widget elementor-widget-heading\" data-id=\"b631291\" data-element_type=\"widget\" data-widget_type=\"heading.default\">\n\t\t\t\t<div class=\"elementor-widget-container\">\n\t\t\t<h1 class=\"elementor-heading-title elementor-size-default\">Taekwondo <br>\u00e7ocu\u011funuz i\u00e7in do\u011fru se\u00e7im mi?<\/h1>\t\t<\/div>\n\t\t\t\t<\/div>\n\t\t\t\t<div class=\"elementor-element elementor-element-5def122f elementor-widget elementor-widget-text-editor\" data-id=\"5def122f\" data-element_type=\"widget\" data-widget_type=\"text-editor.default\">\n\t\t\t\t<div class=\"elementor-widget-container\">\n\t\t\t\t\t<div class=\"elementor-text-editor elementor-clearfix\"><!-- wp:fl-builder\/layout \/--><\/div>\n\t\t\t\t<\/div>\n\t\t\t\t<\/div>\n\t\t\t\t\t<\/div>\n\t\t<\/div>\n\t\t\t\t\t\t\t<\/div>\n\t\t<\/section>\n\t\t\t\t<section class=\"elementor-section elementor-top-section elementor-element elementor-element-5065b66 elementor-section-boxed elementor-section-height-default elementor-section-height-default\" data-id=\"5065b66\" data-element_type=\"section\">\n\t\t\t\t\t\t<div class=\"elementor-container elementor-column-gap-default\">\n\t\t\t\t\t<div class=\"elementor-column elementor-col-100 elementor-top-column elementor-element elementor-element-9b55f2f\" data-id=\"9b55f2f\" data-element_type=\"column\">\n\t\t\t<div class=\"elementor-widget-wrap elementor-element-populated\">\n\t\t\t\t\t\t\t\t<div class=\"elementor-element elementor-element-8d33268 elementor-widget elementor-widget-image\" data-id=\"8d33268\" data-element_type=\"widget\" data-widget_type=\"image.default\">\n\t\t\t\t<div class=\"elementor-widget-container\">\n\t\t\t\t\t<div class=\"elementor-image\">\n\t\t\t\t\t\t\t\t\t\t<img loading=\"lazy\" decoding=\"async\" width=\"720\" height=\"720\" src=\"https:\/\/nedimkuscusporkulubu.com\/wp-content\/uploads\/2025\/01\/IMG-20250125-WA0014.jpg\" class=\"attachment-large size-large\" alt=\"\" \/>\t\t\t\t\t\t\t\t\t\t\t<\/div>\n\t\t\t\t<\/div>\n\t\t\t\t<\/div>\n\t\t\t\t\t<\/div>\n\t\t<\/div>\n\t\t\t\t\t\t\t<\/div>\n\t\t<\/section>\n\t\t\t\t<section class=\"elementor-section elementor-top-section elementor-element elementor-element-8794fb2 elementor-section-boxed elementor-section-height-default elementor-section-height-default\" data-id=\"8794fb2\" data-element_type=\"section\">\n\t\t\t\t\t\t<div class=\"elementor-container elementor-column-gap-default\">\n\t\t\t\t\t<div class=\"elementor-column elementor-col-100 elementor-top-column elementor-element elementor-element-993c932\" data-id=\"993c932\" data-element_type=\"column\">\n\t\t\t<div class=\"elementor-widget-wrap elementor-element-populated\">\n\t\t\t\t\t\t\t\t<div class=\"elementor-element elementor-element-9dcb470 elementor-widget elementor-widget-text-editor\" data-id=\"9dcb470\" data-element_type=\"widget\" data-widget_type=\"text-editor.default\">\n\t\t\t\t<div class=\"elementor-widget-container\">\n\t\t\t\t\t<div class=\"elementor-text-editor elementor-clearfix\"><p><span style=\"font-style: inherit; font-weight: inherit; color: var(--ast-global-color-2);\">Ebeveyn olarak, \u00e7ocu\u011funuzun fiziksel, zihinsel ve sosyal geli\u015fimini desteklemek i\u00e7in do\u011fru etkinlikleri se\u00e7mek son derece \u00f6nemlidir. Spor, \u00e7ocuklar\u0131n hem fiziksel sa\u011fl\u0131klar\u0131n\u0131 hem de \u00f6zg\u00fcvenlerini geli\u015ftirmelerinde \u00f6nemli bir rol oynar. Taekwondo ise bu konuda \u00f6ne \u00e7\u0131kan disiplinlerden biridir. Peki, Taekwondo \u00e7ocu\u011funuz i\u00e7in do\u011fru bir se\u00e7im mi? \u0130\u015fte bu sorunun cevab\u0131n\u0131 ke\u015ffetmeniz i\u00e7in baz\u0131 \u00f6nemli noktalar:<\/span><\/p>\n<h3><strong>1. Taekwondo&#8217;nun \u00c7ocuklara Sa\u011flad\u0131\u011f\u0131 Faydalar<\/strong><\/h3>\n<h4><strong>Fiziksel Geli\u015fim<\/strong><\/h4>\n<ul>\n<li>Taekwondo, \u00e7ocuklar\u0131n esneklik, denge, dayan\u0131kl\u0131l\u0131k ve koordinasyon becerilerini geli\u015ftiren kapsaml\u0131 bir spordur.<\/li>\n<li>D\u00fczenli antrenmanlarla fiziksel kondisyonlar\u0131n\u0131 art\u0131r\u0131r ve kas-iskelet sistemlerini g\u00fc\u00e7lendirir.<\/li>\n<\/ul>\n<h4><strong>Zihinsel Geli\u015fim<\/strong><\/h4>\n<ul>\n<li>Taekwondo, odaklanma, \u00f6z disiplin ve sab\u0131r gibi zihinsel becerileri geli\u015ftirmeye yard\u0131mc\u0131 olur.<\/li>\n<li>Antrenmanlar s\u0131ras\u0131nda \u00f6\u011frenilen teknikler ve kurallar, \u00e7ocuklar\u0131n problem \u00e7\u00f6zme yeteneklerini ve stratejik d\u00fc\u015f\u00fcnme becerilerini geli\u015ftirir.<\/li>\n<\/ul>\n<h4><strong>\u00d6zg\u00fcven ve \u00d6zsayg\u0131<\/strong><\/h4>\n<ul>\n<li>\u00c7ocuklar, Taekwondo sayesinde her yeni hareketi \u00f6\u011frendik\u00e7e kendilerine olan g\u00fcvenlerini art\u0131r\u0131r.<\/li>\n<li>Ku\u015fak s\u0131navlar\u0131 ve ba\u015far\u0131lar, \u00e7ocuklara hedef koyma ve bu hedeflere ula\u015fman\u0131n mutlulu\u011funu \u00f6\u011fretir.<\/li>\n<\/ul>\n<h3><strong>2. Sosyal Beceri ve Tak\u0131m Ruhu<\/strong><\/h3>\n<ul>\n<li>Taekwondo dersleri, \u00e7ocuklar\u0131n ya\u015f\u0131tlar\u0131yla etkile\u015fimde bulunmalar\u0131n\u0131 sa\u011flar ve tak\u0131m \u00e7al\u0131\u015fmas\u0131n\u0131n \u00f6nemini \u00f6\u011frenmelerine yard\u0131mc\u0131 olur.<\/li>\n<li>Sayg\u0131 ve nezaket, Taekwondo\u2019nun temel de\u011ferlerindendir. \u00c7ocuklar bu de\u011ferleri \u00f6\u011frenerek sosyal ili\u015fkilerinde daha olumlu bir tutum geli\u015ftirir.<\/li>\n<\/ul>\n<h3><strong>3. \u00d6z Savunma Becerileri<\/strong><\/h3>\n<ul>\n<li>Taekwondo, \u00e7ocuklara kendilerini savunmay\u0131 \u00f6\u011frenme imkan\u0131 sunar.<\/li>\n<li>Ancak, bu spor ayn\u0131 zamanda sald\u0131rganl\u0131\u011f\u0131 de\u011fil, savunma ve bar\u0131\u015f\u00e7\u0131l bir duru\u015fu te\u015fvik eder. \u00c7ocuklar, \u00f6\u011frendikleri becerileri yaln\u0131zca gerekli durumlarda kullanmalar\u0131 gerekti\u011fini anlarlar.<\/li>\n<\/ul>\n<h3><strong>4. Enerji Y\u00f6netimi ve Stres Azaltma<\/strong><\/h3>\n<ul>\n<li>Taekwondo, \u00e7ocuklar\u0131n enerjilerini olumlu bir \u015fekilde y\u00f6nlendirmelerine olanak tan\u0131r.<\/li>\n<li>Fiziksel aktivite, \u00e7ocuklar\u0131n stresini azalt\u0131r ve daha rahat bir zihinle g\u00fcnl\u00fck hayatta daha iyi odaklanmalar\u0131n\u0131 sa\u011flar.<\/li>\n<\/ul>\n<h3><strong>5. Disiplin ve Sorumluluk Duygusu<\/strong><\/h3>\n<ul>\n<li>Taekwondo, \u00e7ocuklara d\u00fczenli antrenman yapman\u0131n \u00f6nemini \u00f6\u011fretir ve disiplinli bir ya\u015fam tarz\u0131 kazand\u0131r\u0131r.<\/li>\n<li>Sorumluluk almay\u0131 \u00f6\u011frenen \u00e7ocuklar, okul ve di\u011fer alanlarda da daha ba\u015far\u0131l\u0131 olabilir.<\/li>\n<\/ul>\n<h3><strong>Taekwondo \u00c7ocu\u011funuz \u0130\u00e7in Uygun mu?<\/strong><\/h3>\n<p>Her \u00e7ocuk farkl\u0131d\u0131r ve bir spor dal\u0131na uyum sa\u011flamas\u0131 ki\u015fisel \u00f6zelliklerine ba\u011fl\u0131d\u0131r. Taekwondo, enerjik, disiplinli bir aktivite arayan \u00e7ocuklar i\u00e7in m\u00fckemmel bir se\u00e7im olabilir. Ancak \u00e7ocu\u011funuzun spor yapmaktan keyif almas\u0131 ve bu deneyimi bir zorunluluk de\u011fil, e\u011flenceli bir \u00f6\u011frenme s\u00fcreci olarak g\u00f6rmesi \u00f6nemlidir.<\/p>\n<p>Nedim Ku\u015f\u00e7u Spor Kul\u00fcb\u00fc olarak, her ya\u015ftan ve seviyeden \u00e7ocu\u011fa uygun Taekwondo dersleri sunuyoruz. Profesyonel e\u011fitmenlerimiz, \u00e7ocu\u011funuzun hem sporla tan\u0131\u015fmas\u0131na hem de bu s\u00fcre\u00e7ten keyif almas\u0131na yard\u0131mc\u0131 olmak i\u00e7in haz\u0131r.<\/p>\n<p>\u00c7ocu\u011funuzun fiziksel ve zihinsel geli\u015fimine katk\u0131 sa\u011flamak i\u00e7in Taekwondo harika bir ba\u015flang\u0131\u00e7 olabilir. Onlara bu e\u015fsiz sporun kap\u0131lar\u0131n\u0131 aralayarak, hayat boyu s\u00fcrecek de\u011ferler kazanmalar\u0131n\u0131 sa\u011flayabilirsiniz. \ud83e\udd4b<\/p>\n<p>\u00a0<\/p><\/div>\n\t\t\t\t<\/div>\n\t\t\t\t<\/div>\n\t\t\t\t\t<\/div>\n\t\t<\/div>\n\t\t\t\t\t\t\t<\/div>\n\t\t<\/section>\n\t\t\t\t<section class=\"elementor-section elementor-top-section elementor-element elementor-element-193d7daf elementor-section-boxed elementor-section-height-default elementor-section-height-default\" data-id=\"193d7daf\" data-element_type=\"section\">\n\t\t\t\t\t\t<div class=\"elementor-container elementor-column-gap-wider\">\n\t\t\t\t\t<div class=\"elementor-column elementor-col-50 elementor-top-column elementor-element elementor-element-7cbbc44e\" data-id=\"7cbbc44e\" data-element_type=\"column\">\n\t\t\t<div class=\"elementor-widget-wrap elementor-element-populated\">\n\t\t\t\t\t\t\t\t<div class=\"elementor-element elementor-element-72e96d86 elementor-view-stacked elementor-shape-square elementor-vertical-align-middle elementor-position-top elementor-widget elementor-widget-icon-box\" data-id=\"72e96d86\" data-element_type=\"widget\" data-widget_type=\"icon-box.default\">\n\t\t\t\t<div class=\"elementor-widget-container\">\n\t\t\t\t\t<div class=\"elementor-icon-box-wrapper\">\n\t\t\t\t\t\t<div class=\"elementor-icon-box-icon\">\n\t\t\t\t<span class=\"elementor-icon elementor-animation-\" >\n\t\t\t\t<i aria-hidden=\"true\" class=\"fas fa-handshake\"><\/i>\t\t\t\t<\/span>\n\t\t\t<\/div>\n\t\t\t\t\t\t<div class=\"elementor-icon-box-content\">\n\t\t\t\t<h3 class=\"elementor-icon-box-title\">\n\t\t\t\t\t<span >Bizimle \u0130leti\u015fime Ge\u00e7in<\/span>\n\t\t\t\t<\/h3>\n\t\t\t\t\t\t\t<\/div>\n\t\t<\/div>\n\t\t\t\t<\/div>\n\t\t\t\t<\/div>\n\t\t\t\t<div class=\"elementor-element elementor-element-70581cc8 elementor-widget elementor-widget-text-editor\" data-id=\"70581cc8\" data-element_type=\"widget\" data-widget_type=\"text-editor.default\">\n\t\t\t\t<div class=\"elementor-widget-container\">\n\t\t\t\t\t<div class=\"elementor-text-editor elementor-clearfix\"><p>Ayl\u0131k, 3 ayl\u0131k ve y\u0131ll\u0131k \u00fcyelik paketleri i\u00e7in hemen aray\u0131n.<\/p><\/div>\n\t\t\t\t<\/div>\n\t\t\t\t<\/div>\n\t\t\t\t<div class=\"elementor-element elementor-element-5248d2da elementor-position-left elementor-view-default elementor-vertical-align-top elementor-widget elementor-widget-icon-box\" data-id=\"5248d2da\" data-element_type=\"widget\" data-widget_type=\"icon-box.default\">\n\t\t\t\t<div class=\"elementor-widget-container\">\n\t\t\t\t\t<div class=\"elementor-icon-box-wrapper\">\n\t\t\t\t\t\t<div class=\"elementor-icon-box-icon\">\n\t\t\t\t<span class=\"elementor-icon elementor-animation-\" >\n\t\t\t\t<i aria-hidden=\"true\" class=\"fas fa-mobile-alt\"><\/i>\t\t\t\t<\/span>\n\t\t\t<\/div>\n\t\t\t\t\t\t<div class=\"elementor-icon-box-content\">\n\t\t\t\t<h4 class=\"elementor-icon-box-title\">\n\t\t\t\t\t<span >Mobil Telefon 7\/24  <\/span>\n\t\t\t\t<\/h4>\n\t\t\t\t\t\t\t\t<p class=\"elementor-icon-box-description\">0532 323 59 12<\/p>\n\t\t\t\t\t\t\t<\/div>\n\t\t<\/div>\n\t\t\t\t<\/div>\n\t\t\t\t<\/div>\n\t\t\t\t<div class=\"elementor-element elementor-element-58bac789 elementor-position-left elementor-view-default elementor-vertical-align-top elementor-widget elementor-widget-icon-box\" data-id=\"58bac789\" data-element_type=\"widget\" data-widget_type=\"icon-box.default\">\n\t\t\t\t<div class=\"elementor-widget-container\">\n\t\t\t\t\t<div class=\"elementor-icon-box-wrapper\">\n\t\t\t\t\t\t<div class=\"elementor-icon-box-icon\">\n\t\t\t\t<span class=\"elementor-icon elementor-animation-\" >\n\t\t\t\t<i aria-hidden=\"true\" class=\"fas fa-phone-alt\"><\/i>\t\t\t\t<\/span>\n\t\t\t<\/div>\n\t\t\t\t\t\t<div class=\"elementor-icon-box-content\">\n\t\t\t\t<h4 class=\"elementor-icon-box-title\">\n\t\t\t\t\t<span >Telefon<\/span>\n\t\t\t\t<\/h4>\n\t\t\t\t\t\t\t\t<p class=\"elementor-icon-box-description\">0212 646 36 85<\/p>\n\t\t\t\t\t\t\t<\/div>\n\t\t<\/div>\n\t\t\t\t<\/div>\n\t\t\t\t<\/div>\n\t\t\t\t<div class=\"elementor-element elementor-element-264a7add elementor-position-left elementor-view-default elementor-vertical-align-top elementor-widget elementor-widget-icon-box\" data-id=\"264a7add\" data-element_type=\"widget\" data-widget_type=\"icon-box.default\">\n\t\t\t\t<div class=\"elementor-widget-container\">\n\t\t\t\t\t<div class=\"elementor-icon-box-wrapper\">\n\t\t\t\t\t\t<div class=\"elementor-icon-box-icon\">\n\t\t\t\t<span class=\"elementor-icon elementor-animation-\" >\n\t\t\t\t<i aria-hidden=\"true\" class=\"fas fa-mail-bulk\"><\/i>\t\t\t\t<\/span>\n\t\t\t<\/div>\n\t\t\t\t\t\t<div class=\"elementor-icon-box-content\">\n\t\t\t\t<h4 class=\"elementor-icon-box-title\">\n\t\t\t\t\t<span >E-posta <\/span>\n\t\t\t\t<\/h4>\n\t\t\t\t\t\t\t\t<p class=\"elementor-icon-box-description\">nedimkuscu1@gmail.com<\/p>\n\t\t\t\t\t\t\t<\/div>\n\t\t<\/div>\n\t\t\t\t<\/div>\n\t\t\t\t<\/div>\n\t\t\t\t<div class=\"elementor-element elementor-element-3e9793bd elementor-align-center elementor-widget-mobile__width-inherit elementor-widget elementor-widget-button\" data-id=\"3e9793bd\" data-element_type=\"widget\" data-widget_type=\"button.default\">\n\t\t\t\t<div class=\"elementor-widget-container\">\n\t\t\t\t\t<div class=\"elementor-button-wrapper\">\n\t\t\t<a href=\"tel:05323235912\" class=\"elementor-button-link elementor-button elementor-size-lg\" role=\"button\">\n\t\t\t\t\t\t<span class=\"elementor-button-content-wrapper\">\n\t\t\t\t\t\t<span class=\"elementor-button-icon elementor-align-icon-left\">\n\t\t\t\t<i aria-hidden=\"true\" class=\"fas fa-phone-alt\"><\/i>\t\t\t<\/span>\n\t\t\t\t\t\t<span class=\"elementor-button-text\">bizi aray\u0131n<\/span>\n\t\t<\/span>\n\t\t\t\t\t<\/a>\n\t\t<\/div>\n\t\t\t\t<\/div>\n\t\t\t\t<\/div>\n\t\t\t\t\t<\/div>\n\t\t<\/div>\n\t\t\t\t<div class=\"elementor-column elementor-col-50 elementor-top-column elementor-element elementor-element-40213066\" data-id=\"40213066\" data-element_type=\"column\">\n\t\t\t<div class=\"elementor-widget-wrap elementor-element-populated\">\n\t\t\t\t\t\t\t\t<div class=\"elementor-element elementor-element-7b43af56 elementor-view-stacked elementor-shape-square elementor-vertical-align-middle elementor-position-top elementor-widget elementor-widget-icon-box\" data-id=\"7b43af56\" data-element_type=\"widget\" data-widget_type=\"icon-box.default\">\n\t\t\t\t<div class=\"elementor-widget-container\">\n\t\t\t\t\t<div class=\"elementor-icon-box-wrapper\">\n\t\t\t\t\t\t<div class=\"elementor-icon-box-icon\">\n\t\t\t\t<span class=\"elementor-icon elementor-animation-\" >\n\t\t\t\t<i aria-hidden=\"true\" class=\"fas fa-location-arrow\"><\/i>\t\t\t\t<\/span>\n\t\t\t<\/div>\n\t\t\t\t\t\t<div class=\"elementor-icon-box-content\">\n\t\t\t\t<h3 class=\"elementor-icon-box-title\">\n\t\t\t\t\t<span >B\u0130Z\u0130 Z\u0130YARET ED\u0130N<\/span>\n\t\t\t\t<\/h3>\n\t\t\t\t\t\t\t\t<p class=\"elementor-icon-box-description\">\nDiledi\u011finiz zaman ziyaret edebilirsiniz. Randevu i\u00e7in aray\u0131n\u0131z.<\/p>\n\t\t\t\t\t\t\t<\/div>\n\t\t<\/div>\n\t\t\t\t<\/div>\n\t\t\t\t<\/div>\n\t\t\t\t<div class=\"elementor-element elementor-element-1354394c elementor-widget elementor-widget-text-editor\" data-id=\"1354394c\" data-element_type=\"widget\" data-widget_type=\"text-editor.default\">\n\t\t\t\t<div class=\"elementor-widget-container\">\n\t\t\t\t\t<div class=\"elementor-text-editor elementor-clearfix\"><p>G\u00fcng\u00f6ren &#8211; Gen\u00e7osman b\u00f6lgesinde hizmet vermekteyiz<\/p><\/div>\n\t\t\t\t<\/div>\n\t\t\t\t<\/div>\n\t\t\t\t<div class=\"elementor-element elementor-element-26e31050 elementor-position-left elementor-view-default elementor-vertical-align-top elementor-widget elementor-widget-icon-box\" data-id=\"26e31050\" data-element_type=\"widget\" data-widget_type=\"icon-box.default\">\n\t\t\t\t<div class=\"elementor-widget-container\">\n\t\t\t\t\t<div class=\"elementor-icon-box-wrapper\">\n\t\t\t\t\t\t<div class=\"elementor-icon-box-icon\">\n\t\t\t\t<span class=\"elementor-icon elementor-animation-\" >\n\t\t\t\t<i aria-hidden=\"true\" class=\"far fa-clock\"><\/i>\t\t\t\t<\/span>\n\t\t\t<\/div>\n\t\t\t\t\t\t<div class=\"elementor-icon-box-content\">\n\t\t\t\t<h4 class=\"elementor-icon-box-title\">\n\t\t\t\t\t<span >\u00c7al\u0131\u015fma saatleri <\/span>\n\t\t\t\t<\/h4>\n\t\t\t\t\t\t\t\t<p class=\"elementor-icon-box-description\">Hafta i\u00e7i: 09:00 - 22:00\nHafta sonu: 09:00 - 22:00<\/p>\n\t\t\t\t\t\t\t<\/div>\n\t\t<\/div>\n\t\t\t\t<\/div>\n\t\t\t\t<\/div>\n\t\t\t\t<div class=\"elementor-element elementor-element-1ffda4d7 elementor-position-left elementor-view-default elementor-vertical-align-top elementor-widget elementor-widget-icon-box\" data-id=\"1ffda4d7\" data-element_type=\"widget\" data-widget_type=\"icon-box.default\">\n\t\t\t\t<div class=\"elementor-widget-container\">\n\t\t\t\t\t<div class=\"elementor-icon-box-wrapper\">\n\t\t\t\t\t\t<div class=\"elementor-icon-box-icon\">\n\t\t\t\t<span class=\"elementor-icon elementor-animation-\" >\n\t\t\t\t<i aria-hidden=\"true\" class=\"fas fa-search-location\"><\/i>\t\t\t\t<\/span>\n\t\t\t<\/div>\n\t\t\t\t\t\t<div class=\"elementor-icon-box-content\">\n\t\t\t\t<h4 class=\"elementor-icon-box-title\">\n\t\t\t\t\t<span >Adres<\/span>\n\t\t\t\t<\/h4>\n\t\t\t\t\t\t\t\t<p class=\"elementor-icon-box-description\">Gen\u00e7osman Mah, Uzay Sokak No:9, G\u00fcng\u00f6ren\/\u0130stanbul\n\n<\/p>\n\t\t\t\t\t\t\t<\/div>\n\t\t<\/div>\n\t\t\t\t<\/div>\n\t\t\t\t<\/div>\n\t\t\t\t<div class=\"elementor-element elementor-element-235d075a elementor-align-center elementor-widget-mobile__width-inherit elementor-widget elementor-widget-button\" data-id=\"235d075a\" data-element_type=\"widget\" data-widget_type=\"button.default\">\n\t\t\t\t<div class=\"elementor-widget-container\">\n\t\t\t\t\t<div class=\"elementor-button-wrapper\">\n\t\t\t<a href=\"https:\/\/maps.google.com\/maps?ll=41.027668,28.880399&#038;z=15&#038;t=m&#038;hl=tr-TR&#038;gl=US&#038;mapclient=embed&#038;daddr=Nedim%20Ku%C5%9F%C3%A7u%20Spor%20Kul%C3%BCb%C3%BC%20Gen%C3%A7osman%209%20Uzay%20Sk.%2C%2034165%20G%C3%BCng%C3%B6ren%2F%C4%B0stanbul@41.02766769999999,28.8803992\" class=\"elementor-button-link elementor-button elementor-size-lg\" role=\"button\">\n\t\t\t\t\t\t<span class=\"elementor-button-content-wrapper\">\n\t\t\t\t\t\t<span class=\"elementor-button-icon elementor-align-icon-left\">\n\t\t\t\t<i aria-hidden=\"true\" class=\"fas fa-map-marker-alt\"><\/i>\t\t\t<\/span>\n\t\t\t\t\t\t<span class=\"elementor-button-text\">YOL TAR\u0130F\u0130 ALIN<\/span>\n\t\t<\/span>\n\t\t\t\t\t<\/a>\n\t\t<\/div>\n\t\t\t\t<\/div>\n\t\t\t\t<\/div>\n\t\t\t\t\t<\/div>\n\t\t<\/div>\n\t\t\t\t\t\t\t<\/div>\n\t\t<\/section>\n\t\t\t\t\t\t<\/div>\n\t\t\t\t\t<\/div>\n\t\t","protected":false},"excerpt":{"rendered":"<p>Taekwondo \u00e7ocu\u011funuz i\u00e7in do\u011fru se\u00e7im mi? Ebeveyn olarak, \u00e7ocu\u011funuzun fiziksel, zihinsel ve sosyal geli\u015fimini desteklemek i\u00e7in do\u011fru etkinlikleri se\u00e7mek son derece \u00f6nemlidir. Spor, \u00e7ocuklar\u0131n hem fiziksel sa\u011fl\u0131klar\u0131n\u0131 hem de \u00f6zg\u00fcvenlerini geli\u015ftirmelerinde \u00f6nemli bir rol oynar. Taekwondo ise bu konuda \u00f6ne \u00e7\u0131kan disiplinlerden biridir. Peki, Taekwondo \u00e7ocu\u011funuz i\u00e7in do\u011fru bir se\u00e7im mi? \u0130\u015fte bu sorunun cevab\u0131n\u0131 [&hellip;]<\/p>\n","protected":false},"author":1,"featured_media":0,"parent":0,"menu_order":0,"comment_status":"closed","ping_status":"closed","template":"","meta":{"site-sidebar-layout":"default","site-content-layout":"","ast-site-content-layout":"default","site-content-style":"default","site-sidebar-style":"default","ast-global-header-display":"","ast-banner-title-visibility":"","ast-main-header-display":"","ast-hfb-above-header-display":"","ast-hfb-below-header-display":"","ast-hfb-mobile-header-display":"","site-post-title":"disabled","ast-breadcrumbs-content":"","ast-featured-img":"","footer-sml-layout":"","theme-transparent-header-meta":"","adv-header-id-meta":"","stick-header-meta":"","header-above-stick-meta":"","header-main-stick-meta":"","header-below-stick-meta":"","astra-migrate-meta-layouts":"set","ast-page-background-enabled":"default","ast-page-background-meta":{"desktop":{"background-color":"","background-image":"","background-repeat":"repeat","background-position":"center center","background-size":"auto","background-attachment":"scroll","background-type":"","background-media":"","overlay-type":"","overlay-color":"","overlay-opacity":"","overlay-gradient":""},"tablet":{"background-color":"","background-image":"","background-repeat":"repeat","background-position":"center center","background-size":"auto","background-attachment":"scroll","background-type":"","background-media":"","overlay-type":"","overlay-color":"","overlay-opacity":"","overlay-gradient":""},"mobile":{"background-color":"","background-image":"","background-repeat":"repeat","background-position":"center center","background-size":"auto","background-attachment":"scroll","background-type":"","background-media":"","overlay-type":"","overlay-color":"","overlay-opacity":"","overlay-gradient":""}},"ast-content-background-meta":{"desktop":{"background-color":"var(--ast-global-color-5)","background-image":"","background-repeat":"repeat","background-position":"center center","background-size":"auto","background-attachment":"scroll","background-type":"","background-media":"","overlay-type":"","overlay-color":"","overlay-opacity":"","overlay-gradient":""},"tablet":{"background-color":"var(--ast-global-color-5)","background-image":"","background-repeat":"repeat","background-position":"center center","background-size":"auto","background-attachment":"scroll","background-type":"","background-media":"","overlay-type":"","overlay-color":"","overlay-opacity":"","overlay-gradient":""},"mobile":{"background-color":"var(--ast-global-color-5)","background-image":"","background-repeat":"repeat","background-position":"center center","background-size":"auto","background-attachment":"scroll","background-type":"","background-media":"","overlay-type":"","overlay-color":"","overlay-opacity":"","overlay-gradient":""}},"footnotes":""},"class_list":["post-2831","page","type-page","status-publish","hentry"],"_links":{"self":[{"href":"https:\/\/nedimkuscusporkulubu.com\/index.php\/wp-json\/wp\/v2\/pages\/2831","targetHints":{"allow":["GET"]}}],"collection":[{"href":"https:\/\/nedimkuscusporkulubu.com\/index.php\/wp-json\/wp\/v2\/pages"}],"about":[{"href":"https:\/\/nedimkuscusporkulubu.com\/index.php\/wp-json\/wp\/v2\/types\/page"}],"author":[{"embeddable":true,"href":"https:\/\/nedimkuscusporkulubu.com\/index.php\/wp-json\/wp\/v2\/users\/1"}],"replies":[{"embeddable":true,"href":"https:\/\/nedimkuscusporkulubu.com\/index.php\/wp-json\/wp\/v2\/comments?post=2831"}],"version-history":[{"count":17,"href":"https:\/\/nedimkuscusporkulubu.com\/index.php\/wp-json\/wp\/v2\/pages\/2831\/revisions"}],"predecessor-version":[{"id":3401,"href":"https:\/\/nedimkuscusporkulubu.com\/index.php\/wp-json\/wp\/v2\/pages\/2831\/revisions\/3401"}],"wp:attachment":[{"href":"https:\/\/nedimkuscusporkulubu.com\/index.php\/wp-json\/wp\/v2\/media?parent=2831"}],"curies":[{"name":"wp","href":"https:\/\/api.w.org\/{rel}","templated":true}]}}