{"id":2859,"date":"2025-01-25T18:45:44","date_gmt":"2025-01-25T18:45:44","guid":{"rendered":"https:\/\/nedimkuscusporkulubu.com\/?page_id=2859"},"modified":"2025-01-28T20:55:46","modified_gmt":"2025-01-28T20:55:46","slug":"saglikli-beslenme-hayatinizi-degistirecek-bir-aliskanlik","status":"publish","type":"page","link":"https:\/\/nedimkuscusporkulubu.com\/index.php\/saglikli-beslenme-hayatinizi-degistirecek-bir-aliskanlik\/","title":{"rendered":"Sa\u011fl\u0131kl\u0131 Beslenme: Hayat\u0131n\u0131z\u0131 De\u011fi\u015ftirecek Bir Al\u0131\u015fkanl\u0131k"},"content":{"rendered":"\t\t<div data-elementor-type=\"wp-page\" data-elementor-id=\"2859\" class=\"elementor elementor-2859\" data-elementor-settings=\"[]\">\n\t\t\t\t\t\t\t<div class=\"elementor-section-wrap\">\n\t\t\t\t\t\t\t<section class=\"elementor-section elementor-top-section elementor-element elementor-element-62d4b617 elementor-section-boxed elementor-section-height-default elementor-section-height-default\" data-id=\"62d4b617\" data-element_type=\"section\">\n\t\t\t\t\t\t<div class=\"elementor-container elementor-column-gap-default\">\n\t\t\t\t\t<div class=\"elementor-column elementor-col-100 elementor-top-column elementor-element elementor-element-f03771c\" data-id=\"f03771c\" data-element_type=\"column\">\n\t\t\t<div class=\"elementor-widget-wrap elementor-element-populated\">\n\t\t\t\t\t\t\t\t<div class=\"elementor-element elementor-element-62c7de2d elementor-widget elementor-widget-text-editor\" data-id=\"62c7de2d\" data-element_type=\"widget\" data-widget_type=\"text-editor.default\">\n\t\t\t\t<div class=\"elementor-widget-container\">\n\t\t\t\t\t<div class=\"elementor-text-editor elementor-clearfix\"><!-- wp:fl-builder\/layout \/--><\/div>\n\t\t\t\t<\/div>\n\t\t\t\t<\/div>\n\t\t\t\t\t<\/div>\n\t\t<\/div>\n\t\t\t\t\t\t\t<\/div>\n\t\t<\/section>\n\t\t\t\t<section class=\"elementor-section elementor-top-section elementor-element elementor-element-86ff6f5 elementor-section-boxed elementor-section-height-default elementor-section-height-default\" data-id=\"86ff6f5\" data-element_type=\"section\">\n\t\t\t\t\t\t<div class=\"elementor-container elementor-column-gap-default\">\n\t\t\t\t\t<div class=\"elementor-column elementor-col-100 elementor-top-column elementor-element elementor-element-0929f4a\" data-id=\"0929f4a\" data-element_type=\"column\">\n\t\t\t<div class=\"elementor-widget-wrap elementor-element-populated\">\n\t\t\t\t\t\t\t\t<div class=\"elementor-element elementor-element-f8e172e elementor-widget elementor-widget-heading\" data-id=\"f8e172e\" data-element_type=\"widget\" data-widget_type=\"heading.default\">\n\t\t\t\t<div class=\"elementor-widget-container\">\n\t\t\t<h1 class=\"elementor-heading-title elementor-size-default\">Sa\u011fl\u0131kl\u0131 Beslenme: <br>Hayat\u0131n\u0131z\u0131 De\u011fi\u015ftirecek Bir Al\u0131\u015fkanl\u0131k<\/h1>\t\t<\/div>\n\t\t\t\t<\/div>\n\t\t\t\t\t<\/div>\n\t\t<\/div>\n\t\t\t\t\t\t\t<\/div>\n\t\t<\/section>\n\t\t\t\t<section class=\"elementor-section elementor-top-section elementor-element elementor-element-9c2b10c elementor-section-boxed elementor-section-height-default elementor-section-height-default\" data-id=\"9c2b10c\" data-element_type=\"section\">\n\t\t\t\t\t\t<div class=\"elementor-container elementor-column-gap-default\">\n\t\t\t\t\t<div class=\"elementor-column elementor-col-100 elementor-top-column elementor-element elementor-element-1a214f2\" data-id=\"1a214f2\" data-element_type=\"column\">\n\t\t\t<div class=\"elementor-widget-wrap elementor-element-populated\">\n\t\t\t\t\t\t\t\t<div class=\"elementor-element elementor-element-6d76fbd elementor-widget elementor-widget-image\" data-id=\"6d76fbd\" data-element_type=\"widget\" data-widget_type=\"image.default\">\n\t\t\t\t<div class=\"elementor-widget-container\">\n\t\t\t\t\t<div class=\"elementor-image\">\n\t\t\t\t\t\t\t\t\t\t<img loading=\"lazy\" decoding=\"async\" width=\"843\" height=\"843\" src=\"https:\/\/nedimkuscusporkulubu.com\/wp-content\/uploads\/2025\/01\/IMG-20250125-WA0017.jpg\" class=\"attachment-large size-large\" alt=\"\" \/>\t\t\t\t\t\t\t\t\t\t\t<\/div>\n\t\t\t\t<\/div>\n\t\t\t\t<\/div>\n\t\t\t\t\t<\/div>\n\t\t<\/div>\n\t\t\t\t\t\t\t<\/div>\n\t\t<\/section>\n\t\t\t\t<section class=\"elementor-section elementor-top-section elementor-element elementor-element-3b4f347 elementor-section-boxed elementor-section-height-default elementor-section-height-default\" data-id=\"3b4f347\" data-element_type=\"section\">\n\t\t\t\t\t\t<div class=\"elementor-container elementor-column-gap-default\">\n\t\t\t\t\t<div class=\"elementor-column elementor-col-100 elementor-top-column elementor-element elementor-element-8bc468a\" data-id=\"8bc468a\" data-element_type=\"column\">\n\t\t\t<div class=\"elementor-widget-wrap elementor-element-populated\">\n\t\t\t\t\t\t\t\t<div class=\"elementor-element elementor-element-128ec94 elementor-widget elementor-widget-text-editor\" data-id=\"128ec94\" data-element_type=\"widget\" data-widget_type=\"text-editor.default\">\n\t\t\t\t<div class=\"elementor-widget-container\">\n\t\t\t\t\t<div class=\"elementor-text-editor elementor-clearfix\"><p>Sa\u011fl\u0131kl\u0131 bir ya\u015fam tarz\u0131 benimsemenin temel ta\u015flar\u0131ndan biri, do\u011fru ve dengeli beslenmedir. V\u00fccudumuzun ihtiya\u00e7 duydu\u011fu enerjiyi sa\u011flamak, hastal\u0131klardan korunmak ve ya\u015fam kalitemizi art\u0131rmak i\u00e7in beslenme al\u0131\u015fkanl\u0131klar\u0131m\u0131z\u0131 g\u00f6zden ge\u00e7irmek b\u00fcy\u00fck \u00f6nem ta\u015f\u0131r. Peki, sa\u011fl\u0131kl\u0131 beslenme nedir ve neden bu kadar \u00f6nemlidir?<\/p>\n<h3><strong>Sa\u011fl\u0131kl\u0131 Beslenme Nedir?<\/strong><\/h3>\n<p>Sa\u011fl\u0131kl\u0131 beslenme, v\u00fccudun ihtiya\u00e7 duydu\u011fu temel besin maddelerini dengeli bir \u015fekilde almay\u0131 ifade eder. Bu, karbonhidrat, protein, ya\u011f, vitamin ve minerallerin do\u011fru oranlarda t\u00fcketilmesi anlam\u0131na gelir. Sa\u011fl\u0131kl\u0131 beslenme sadece belirli bir diyet listesi de\u011fil, uzun vadeli bir ya\u015fam tarz\u0131d\u0131r.<\/p>\n<h3><strong>Sa\u011fl\u0131kl\u0131 Beslenmenin Faydalar\u0131<\/strong><\/h3>\n<h4><strong>1. Fiziksel Sa\u011fl\u0131\u011f\u0131 Destekler<\/strong><\/h4>\n<ul>\n<li><strong>Enerji Seviyesi:<\/strong> Sa\u011fl\u0131kl\u0131 beslenme, g\u00fcn boyunca enerjinizi y\u00fcksek tutar ve yorgunluk hissini azalt\u0131r.<\/li>\n<li><strong>Hastal\u0131klardan Korunma:<\/strong> Dengeli bir diyet, ba\u011f\u0131\u015f\u0131kl\u0131k sistemini g\u00fc\u00e7lendirir ve diyabet, kalp hastal\u0131klar\u0131 gibi kronik rahats\u0131zl\u0131klar\u0131n riskini azalt\u0131r.<\/li>\n<li><strong>Sa\u011fl\u0131kl\u0131 Kiloyu Koruma:<\/strong> Beslenme al\u0131\u015fkanl\u0131klar\u0131n\u0131z\u0131 d\u00fczenleyerek kilo kontrol\u00fc sa\u011flayabilir, hem fazla kilo hem de zay\u0131fl\u0131ktan kaynaklanan sa\u011fl\u0131k sorunlar\u0131n\u0131n \u00f6n\u00fcne ge\u00e7ebilirsiniz.<\/li>\n<\/ul>\n<h4><strong>2. Zihinsel Sa\u011fl\u0131\u011f\u0131 Geli\u015ftirir<\/strong><\/h4>\n<ul>\n<li>Ara\u015ft\u0131rmalar, sa\u011fl\u0131kl\u0131 beslenmenin depresyon ve anksiyete gibi zihinsel sa\u011fl\u0131k sorunlar\u0131n\u0131 azaltmaya yard\u0131mc\u0131 oldu\u011funu g\u00f6stermi\u015ftir.<\/li>\n<li>\u00d6zellikle omega-3 ya\u011f asitleri ve B vitaminleri gibi beyin sa\u011fl\u0131\u011f\u0131n\u0131 destekleyen besinler, zihinsel performans\u0131 art\u0131r\u0131r.<\/li>\n<\/ul>\n<h4><strong>3. Daha \u0130yi Uyku Kalitesi Sa\u011flar<\/strong><\/h4>\n<ul>\n<li>Dengeli bir beslenme, v\u00fccudun biyoritmini d\u00fczenler ve daha rahat bir uyku uyuman\u0131za yard\u0131mc\u0131 olur.<\/li>\n<\/ul>\n<h4><strong>4. Ya\u015fam Kalitesini Art\u0131r\u0131r<\/strong><\/h4>\n<ul>\n<li>Sa\u011fl\u0131kl\u0131 beslenme, genel olarak daha zinde, daha mutlu ve daha aktif bir ya\u015fam s\u00fcrmenizi sa\u011flar.<\/li>\n<\/ul>\n<h3><strong>Sa\u011fl\u0131kl\u0131 Beslenme Nas\u0131l Uygulan\u0131r?<\/strong><\/h3>\n<h4><strong>1. Dengeli Bir Tabak Olu\u015fturun<\/strong><\/h4>\n<ul>\n<li><strong>Sebzeler ve Meyveler:<\/strong> Tabaklar\u0131n\u0131z\u0131n yar\u0131s\u0131n\u0131 taze sebze ve meyvelerle doldurun.<\/li>\n<li><strong>Protein:<\/strong> Tavuk, bal\u0131k, yumurta, baklagiller gibi protein kaynaklar\u0131n\u0131 dengeli bir \u015fekilde t\u00fcketin.<\/li>\n<li><strong>Tam Tah\u0131llar:<\/strong> Beyaz ekmek ve pirin\u00e7 yerine tam tah\u0131ll\u0131 \u00fcr\u00fcnleri tercih edin.<\/li>\n<li><strong>Sa\u011fl\u0131kl\u0131 Ya\u011flar:<\/strong> Zeytinya\u011f\u0131, avokado ve kuruyemi\u015f gibi sa\u011fl\u0131kl\u0131 ya\u011flar\u0131 \u00f6l\u00e7\u00fcl\u00fc bir \u015fekilde t\u00fcketin.<\/li>\n<\/ul>\n<h4><strong>2. \u0130\u015flenmi\u015f G\u0131dalardan Uzak Durun<\/strong><\/h4>\n<p>Fast food, \u015fekerli i\u00e7ecekler ve i\u015flenmi\u015f g\u0131dalar, y\u00fcksek oranda kalori i\u00e7erirken besin de\u011feri d\u00fc\u015f\u00fckt\u00fcr. Bunlar\u0131 azaltarak daha sa\u011fl\u0131kl\u0131 bir diyet benimseyebilirsiniz.<\/p>\n<h4><strong>3. Su \u0130\u00e7meyi Unutmay\u0131n<\/strong><\/h4>\n<p>V\u00fccudumuzun b\u00fcy\u00fck bir k\u0131sm\u0131 sudan olu\u015fur. G\u00fcnde en az 8 bardak su i\u00e7erek v\u00fccudunuzu susuz b\u0131rakmamak \u00f6nemlidir.<\/p>\n<h4><strong>4. Porsiyon Kontrol\u00fc Yap\u0131n<\/strong><\/h4>\n<p>Gere\u011finden fazla yemek yemek yerine, \u00f6\u011f\u00fcnlerinizi \u00f6l\u00e7\u00fcl\u00fc bir \u015fekilde t\u00fcketin.<\/p>\n<h4><strong>5. \u00d6\u011f\u00fcnleri Atlamay\u0131n<\/strong><\/h4>\n<p>D\u00fczenli yemek, metabolizmay\u0131 dengede tutar ve enerji seviyenizi korur.<\/p>\n<h3><strong>Sa\u011fl\u0131kl\u0131 Beslenme ve Sporun Uyumu<\/strong><\/h3>\n<p>Sa\u011fl\u0131kl\u0131 beslenme, aktif bir ya\u015fam tarz\u0131 ile birle\u015fti\u011finde \u00e7ok daha etkili sonu\u00e7lar verir. D\u00fczenli egzersiz, hem besinlerin daha iyi i\u015flenmesini sa\u011flar hem de sa\u011fl\u0131kl\u0131 bir beden i\u00e7in gereken hareketi sunar.<\/p>\n<h3><strong>Hayat\u0131n\u0131z\u0131 De\u011fi\u015ftirecek Bir Ad\u0131m At\u0131n!<\/strong><\/h3>\n<p>Sa\u011fl\u0131kl\u0131 beslenme, hayat\u0131n\u0131zda k\u00fc\u00e7\u00fck de\u011fi\u015fiklikler yaparak b\u00fcy\u00fck farklar yaratabilece\u011finiz bir s\u00fcre\u00e7tir. Kendinizi daha zinde, mutlu ve enerjik hissetmek i\u00e7in bug\u00fcn bir ad\u0131m at\u0131n. Unutmay\u0131n, sa\u011fl\u0131kl\u0131 bir v\u00fccut ve zihin i\u00e7in do\u011fru beslenme bir tercihten \u00e7ok bir ihtiya\u00e7t\u0131r.<\/p>\n<p>Nedim Ku\u015f\u00e7u Spor Kul\u00fcb\u00fc olarak, sa\u011fl\u0131kl\u0131 beslenme konusunda size rehberlik ederek her zaman yan\u0131n\u0131zday\u0131z. Hedeflerinize ula\u015fman\u0131z i\u00e7in do\u011fru beslenme al\u0131\u015fkanl\u0131klar\u0131n\u0131 birlikte ke\u015ffedelim! \ud83c\udf4e<\/p><\/div>\n\t\t\t\t<\/div>\n\t\t\t\t<\/div>\n\t\t\t\t\t<\/div>\n\t\t<\/div>\n\t\t\t\t\t\t\t<\/div>\n\t\t<\/section>\n\t\t\t\t<section class=\"elementor-section elementor-top-section elementor-element elementor-element-424449a6 elementor-section-boxed elementor-section-height-default elementor-section-height-default\" data-id=\"424449a6\" data-element_type=\"section\">\n\t\t\t\t\t\t<div class=\"elementor-container elementor-column-gap-wider\">\n\t\t\t\t\t<div class=\"elementor-column elementor-col-50 elementor-top-column elementor-element elementor-element-26ce0b66\" data-id=\"26ce0b66\" data-element_type=\"column\">\n\t\t\t<div class=\"elementor-widget-wrap elementor-element-populated\">\n\t\t\t\t\t\t\t\t<div class=\"elementor-element elementor-element-34f20b0 elementor-view-stacked elementor-shape-square elementor-vertical-align-middle elementor-position-top elementor-widget elementor-widget-icon-box\" data-id=\"34f20b0\" data-element_type=\"widget\" data-widget_type=\"icon-box.default\">\n\t\t\t\t<div class=\"elementor-widget-container\">\n\t\t\t\t\t<div class=\"elementor-icon-box-wrapper\">\n\t\t\t\t\t\t<div class=\"elementor-icon-box-icon\">\n\t\t\t\t<span class=\"elementor-icon elementor-animation-\" >\n\t\t\t\t<i aria-hidden=\"true\" class=\"fas fa-handshake\"><\/i>\t\t\t\t<\/span>\n\t\t\t<\/div>\n\t\t\t\t\t\t<div class=\"elementor-icon-box-content\">\n\t\t\t\t<h3 class=\"elementor-icon-box-title\">\n\t\t\t\t\t<span >Bizimle \u0130leti\u015fime Ge\u00e7in<\/span>\n\t\t\t\t<\/h3>\n\t\t\t\t\t\t\t<\/div>\n\t\t<\/div>\n\t\t\t\t<\/div>\n\t\t\t\t<\/div>\n\t\t\t\t<div class=\"elementor-element elementor-element-6d5be5e7 elementor-widget elementor-widget-text-editor\" data-id=\"6d5be5e7\" data-element_type=\"widget\" data-widget_type=\"text-editor.default\">\n\t\t\t\t<div class=\"elementor-widget-container\">\n\t\t\t\t\t<div class=\"elementor-text-editor elementor-clearfix\"><p>Ayl\u0131k, 3 ayl\u0131k ve y\u0131ll\u0131k \u00fcyelik paketleri i\u00e7in hemen aray\u0131n.<\/p><\/div>\n\t\t\t\t<\/div>\n\t\t\t\t<\/div>\n\t\t\t\t<div class=\"elementor-element elementor-element-3fa0a537 elementor-position-left elementor-view-default elementor-vertical-align-top elementor-widget elementor-widget-icon-box\" data-id=\"3fa0a537\" data-element_type=\"widget\" data-widget_type=\"icon-box.default\">\n\t\t\t\t<div class=\"elementor-widget-container\">\n\t\t\t\t\t<div class=\"elementor-icon-box-wrapper\">\n\t\t\t\t\t\t<div class=\"elementor-icon-box-icon\">\n\t\t\t\t<span class=\"elementor-icon elementor-animation-\" >\n\t\t\t\t<i aria-hidden=\"true\" class=\"fas fa-mobile-alt\"><\/i>\t\t\t\t<\/span>\n\t\t\t<\/div>\n\t\t\t\t\t\t<div class=\"elementor-icon-box-content\">\n\t\t\t\t<h4 class=\"elementor-icon-box-title\">\n\t\t\t\t\t<span >Mobil Telefon 7\/24  <\/span>\n\t\t\t\t<\/h4>\n\t\t\t\t\t\t\t\t<p class=\"elementor-icon-box-description\">0532 323 59 12<\/p>\n\t\t\t\t\t\t\t<\/div>\n\t\t<\/div>\n\t\t\t\t<\/div>\n\t\t\t\t<\/div>\n\t\t\t\t<div class=\"elementor-element elementor-element-1f5af87f elementor-position-left elementor-view-default elementor-vertical-align-top elementor-widget elementor-widget-icon-box\" data-id=\"1f5af87f\" data-element_type=\"widget\" data-widget_type=\"icon-box.default\">\n\t\t\t\t<div class=\"elementor-widget-container\">\n\t\t\t\t\t<div class=\"elementor-icon-box-wrapper\">\n\t\t\t\t\t\t<div class=\"elementor-icon-box-icon\">\n\t\t\t\t<span class=\"elementor-icon elementor-animation-\" >\n\t\t\t\t<i aria-hidden=\"true\" class=\"fas fa-phone-alt\"><\/i>\t\t\t\t<\/span>\n\t\t\t<\/div>\n\t\t\t\t\t\t<div class=\"elementor-icon-box-content\">\n\t\t\t\t<h4 class=\"elementor-icon-box-title\">\n\t\t\t\t\t<span >Telefon<\/span>\n\t\t\t\t<\/h4>\n\t\t\t\t\t\t\t\t<p class=\"elementor-icon-box-description\">0212 646 36 85<\/p>\n\t\t\t\t\t\t\t<\/div>\n\t\t<\/div>\n\t\t\t\t<\/div>\n\t\t\t\t<\/div>\n\t\t\t\t<div class=\"elementor-element elementor-element-4de38663 elementor-position-left elementor-view-default elementor-vertical-align-top elementor-widget elementor-widget-icon-box\" data-id=\"4de38663\" data-element_type=\"widget\" data-widget_type=\"icon-box.default\">\n\t\t\t\t<div class=\"elementor-widget-container\">\n\t\t\t\t\t<div class=\"elementor-icon-box-wrapper\">\n\t\t\t\t\t\t<div class=\"elementor-icon-box-icon\">\n\t\t\t\t<span class=\"elementor-icon elementor-animation-\" >\n\t\t\t\t<i aria-hidden=\"true\" class=\"fas fa-mail-bulk\"><\/i>\t\t\t\t<\/span>\n\t\t\t<\/div>\n\t\t\t\t\t\t<div class=\"elementor-icon-box-content\">\n\t\t\t\t<h4 class=\"elementor-icon-box-title\">\n\t\t\t\t\t<span >E-posta <\/span>\n\t\t\t\t<\/h4>\n\t\t\t\t\t\t\t\t<p class=\"elementor-icon-box-description\">nedimkuscu1@gmail.com<\/p>\n\t\t\t\t\t\t\t<\/div>\n\t\t<\/div>\n\t\t\t\t<\/div>\n\t\t\t\t<\/div>\n\t\t\t\t<div class=\"elementor-element elementor-element-fc485af elementor-align-center elementor-widget-mobile__width-inherit elementor-widget elementor-widget-button\" data-id=\"fc485af\" data-element_type=\"widget\" data-widget_type=\"button.default\">\n\t\t\t\t<div class=\"elementor-widget-container\">\n\t\t\t\t\t<div class=\"elementor-button-wrapper\">\n\t\t\t<a href=\"tel:05323235912\" class=\"elementor-button-link elementor-button elementor-size-lg\" role=\"button\">\n\t\t\t\t\t\t<span class=\"elementor-button-content-wrapper\">\n\t\t\t\t\t\t<span class=\"elementor-button-icon elementor-align-icon-left\">\n\t\t\t\t<i aria-hidden=\"true\" class=\"fas fa-phone-alt\"><\/i>\t\t\t<\/span>\n\t\t\t\t\t\t<span class=\"elementor-button-text\">bizi aray\u0131n<\/span>\n\t\t<\/span>\n\t\t\t\t\t<\/a>\n\t\t<\/div>\n\t\t\t\t<\/div>\n\t\t\t\t<\/div>\n\t\t\t\t\t<\/div>\n\t\t<\/div>\n\t\t\t\t<div class=\"elementor-column elementor-col-50 elementor-top-column elementor-element elementor-element-109bcb55\" data-id=\"109bcb55\" data-element_type=\"column\">\n\t\t\t<div class=\"elementor-widget-wrap elementor-element-populated\">\n\t\t\t\t\t\t\t\t<div class=\"elementor-element elementor-element-74c25ef7 elementor-view-stacked elementor-shape-square elementor-vertical-align-middle elementor-position-top elementor-widget elementor-widget-icon-box\" data-id=\"74c25ef7\" data-element_type=\"widget\" data-widget_type=\"icon-box.default\">\n\t\t\t\t<div class=\"elementor-widget-container\">\n\t\t\t\t\t<div class=\"elementor-icon-box-wrapper\">\n\t\t\t\t\t\t<div class=\"elementor-icon-box-icon\">\n\t\t\t\t<span class=\"elementor-icon elementor-animation-\" >\n\t\t\t\t<i aria-hidden=\"true\" class=\"fas fa-location-arrow\"><\/i>\t\t\t\t<\/span>\n\t\t\t<\/div>\n\t\t\t\t\t\t<div class=\"elementor-icon-box-content\">\n\t\t\t\t<h3 class=\"elementor-icon-box-title\">\n\t\t\t\t\t<span >B\u0130Z\u0130 Z\u0130YARET ED\u0130N<\/span>\n\t\t\t\t<\/h3>\n\t\t\t\t\t\t\t\t<p class=\"elementor-icon-box-description\">\nDiledi\u011finiz zaman ziyaret edebilirsiniz. Randevu i\u00e7in aray\u0131n\u0131z.<\/p>\n\t\t\t\t\t\t\t<\/div>\n\t\t<\/div>\n\t\t\t\t<\/div>\n\t\t\t\t<\/div>\n\t\t\t\t<div class=\"elementor-element elementor-element-5fa5c50a elementor-widget elementor-widget-text-editor\" data-id=\"5fa5c50a\" data-element_type=\"widget\" data-widget_type=\"text-editor.default\">\n\t\t\t\t<div class=\"elementor-widget-container\">\n\t\t\t\t\t<div class=\"elementor-text-editor elementor-clearfix\"><p>G\u00fcng\u00f6ren &#8211; Gen\u00e7osman b\u00f6lgesinde hizmet vermekteyiz<\/p><\/div>\n\t\t\t\t<\/div>\n\t\t\t\t<\/div>\n\t\t\t\t<div class=\"elementor-element elementor-element-16a3fcc3 elementor-position-left elementor-view-default elementor-vertical-align-top elementor-widget elementor-widget-icon-box\" data-id=\"16a3fcc3\" data-element_type=\"widget\" data-widget_type=\"icon-box.default\">\n\t\t\t\t<div class=\"elementor-widget-container\">\n\t\t\t\t\t<div class=\"elementor-icon-box-wrapper\">\n\t\t\t\t\t\t<div class=\"elementor-icon-box-icon\">\n\t\t\t\t<span class=\"elementor-icon elementor-animation-\" >\n\t\t\t\t<i aria-hidden=\"true\" class=\"far fa-clock\"><\/i>\t\t\t\t<\/span>\n\t\t\t<\/div>\n\t\t\t\t\t\t<div class=\"elementor-icon-box-content\">\n\t\t\t\t<h4 class=\"elementor-icon-box-title\">\n\t\t\t\t\t<span >\u00c7al\u0131\u015fma saatleri <\/span>\n\t\t\t\t<\/h4>\n\t\t\t\t\t\t\t\t<p class=\"elementor-icon-box-description\">Hafta i\u00e7i: 09:00 - 22:00\nHafta sonu: 09:00 - 22:00<\/p>\n\t\t\t\t\t\t\t<\/div>\n\t\t<\/div>\n\t\t\t\t<\/div>\n\t\t\t\t<\/div>\n\t\t\t\t<div class=\"elementor-element elementor-element-495feef5 elementor-position-left elementor-view-default elementor-vertical-align-top elementor-widget elementor-widget-icon-box\" data-id=\"495feef5\" data-element_type=\"widget\" data-widget_type=\"icon-box.default\">\n\t\t\t\t<div class=\"elementor-widget-container\">\n\t\t\t\t\t<div class=\"elementor-icon-box-wrapper\">\n\t\t\t\t\t\t<div class=\"elementor-icon-box-icon\">\n\t\t\t\t<span class=\"elementor-icon elementor-animation-\" >\n\t\t\t\t<i aria-hidden=\"true\" class=\"fas fa-search-location\"><\/i>\t\t\t\t<\/span>\n\t\t\t<\/div>\n\t\t\t\t\t\t<div class=\"elementor-icon-box-content\">\n\t\t\t\t<h4 class=\"elementor-icon-box-title\">\n\t\t\t\t\t<span >Adres<\/span>\n\t\t\t\t<\/h4>\n\t\t\t\t\t\t\t\t<p class=\"elementor-icon-box-description\">Gen\u00e7osman Mah, Uzay Sokak No:9, G\u00fcng\u00f6ren\/\u0130stanbul\n\n<\/p>\n\t\t\t\t\t\t\t<\/div>\n\t\t<\/div>\n\t\t\t\t<\/div>\n\t\t\t\t<\/div>\n\t\t\t\t<div class=\"elementor-element elementor-element-79b14786 elementor-align-center elementor-widget-mobile__width-inherit elementor-widget elementor-widget-button\" data-id=\"79b14786\" data-element_type=\"widget\" data-widget_type=\"button.default\">\n\t\t\t\t<div class=\"elementor-widget-container\">\n\t\t\t\t\t<div class=\"elementor-button-wrapper\">\n\t\t\t<a href=\"https:\/\/maps.google.com\/maps?ll=41.027668,28.880399&#038;z=15&#038;t=m&#038;hl=tr-TR&#038;gl=US&#038;mapclient=embed&#038;daddr=Nedim%20Ku%C5%9F%C3%A7u%20Spor%20Kul%C3%BCb%C3%BC%20Gen%C3%A7osman%209%20Uzay%20Sk.%2C%2034165%20G%C3%BCng%C3%B6ren%2F%C4%B0stanbul@41.02766769999999,28.8803992\" class=\"elementor-button-link elementor-button elementor-size-lg\" role=\"button\">\n\t\t\t\t\t\t<span class=\"elementor-button-content-wrapper\">\n\t\t\t\t\t\t<span class=\"elementor-button-icon elementor-align-icon-left\">\n\t\t\t\t<i aria-hidden=\"true\" class=\"fas fa-map-marker-alt\"><\/i>\t\t\t<\/span>\n\t\t\t\t\t\t<span class=\"elementor-button-text\">YOL TAR\u0130F\u0130 ALIN<\/span>\n\t\t<\/span>\n\t\t\t\t\t<\/a>\n\t\t<\/div>\n\t\t\t\t<\/div>\n\t\t\t\t<\/div>\n\t\t\t\t\t<\/div>\n\t\t<\/div>\n\t\t\t\t\t\t\t<\/div>\n\t\t<\/section>\n\t\t\t\t\t\t<\/div>\n\t\t\t\t\t<\/div>\n\t\t","protected":false},"excerpt":{"rendered":"<p>Sa\u011fl\u0131kl\u0131 Beslenme: Hayat\u0131n\u0131z\u0131 De\u011fi\u015ftirecek Bir Al\u0131\u015fkanl\u0131k Sa\u011fl\u0131kl\u0131 bir ya\u015fam tarz\u0131 benimsemenin temel ta\u015flar\u0131ndan biri, do\u011fru ve dengeli beslenmedir. V\u00fccudumuzun ihtiya\u00e7 duydu\u011fu enerjiyi sa\u011flamak, hastal\u0131klardan korunmak ve ya\u015fam kalitemizi art\u0131rmak i\u00e7in beslenme al\u0131\u015fkanl\u0131klar\u0131m\u0131z\u0131 g\u00f6zden ge\u00e7irmek b\u00fcy\u00fck \u00f6nem ta\u015f\u0131r. Peki, sa\u011fl\u0131kl\u0131 beslenme nedir ve neden bu kadar \u00f6nemlidir? Sa\u011fl\u0131kl\u0131 Beslenme Nedir? Sa\u011fl\u0131kl\u0131 beslenme, v\u00fccudun ihtiya\u00e7 duydu\u011fu temel [&hellip;]<\/p>\n","protected":false},"author":1,"featured_media":0,"parent":0,"menu_order":0,"comment_status":"closed","ping_status":"closed","template":"","meta":{"site-sidebar-layout":"default","site-content-layout":"","ast-site-content-layout":"default","site-content-style":"default","site-sidebar-style":"default","ast-global-header-display":"","ast-banner-title-visibility":"","ast-main-header-display":"","ast-hfb-above-header-display":"","ast-hfb-below-header-display":"","ast-hfb-mobile-header-display":"","site-post-title":"disabled","ast-breadcrumbs-content":"","ast-featured-img":"","footer-sml-layout":"","theme-transparent-header-meta":"","adv-header-id-meta":"","stick-header-meta":"","header-above-stick-meta":"","header-main-stick-meta":"","header-below-stick-meta":"","astra-migrate-meta-layouts":"set","ast-page-background-enabled":"default","ast-page-background-meta":{"desktop":{"background-color":"","background-image":"","background-repeat":"repeat","background-position":"center center","background-size":"auto","background-attachment":"scroll","background-type":"","background-media":"","overlay-type":"","overlay-color":"","overlay-opacity":"","overlay-gradient":""},"tablet":{"background-color":"","background-image":"","background-repeat":"repeat","background-position":"center center","background-size":"auto","background-attachment":"scroll","background-type":"","background-media":"","overlay-type":"","overlay-color":"","overlay-opacity":"","overlay-gradient":""},"mobile":{"background-color":"","background-image":"","background-repeat":"repeat","background-position":"center center","background-size":"auto","background-attachment":"scroll","background-type":"","background-media":"","overlay-type":"","overlay-color":"","overlay-opacity":"","overlay-gradient":""}},"ast-content-background-meta":{"desktop":{"background-color":"var(--ast-global-color-5)","background-image":"","background-repeat":"repeat","background-position":"center center","background-size":"auto","background-attachment":"scroll","background-type":"","background-media":"","overlay-type":"","overlay-color":"","overlay-opacity":"","overlay-gradient":""},"tablet":{"background-color":"var(--ast-global-color-5)","background-image":"","background-repeat":"repeat","background-position":"center center","background-size":"auto","background-attachment":"scroll","background-type":"","background-media":"","overlay-type":"","overlay-color":"","overlay-opacity":"","overlay-gradient":""},"mobile":{"background-color":"var(--ast-global-color-5)","background-image":"","background-repeat":"repeat","background-position":"center center","background-size":"auto","background-attachment":"scroll","background-type":"","background-media":"","overlay-type":"","overlay-color":"","overlay-opacity":"","overlay-gradient":""}},"footnotes":""},"class_list":["post-2859","page","type-page","status-publish","hentry"],"_links":{"self":[{"href":"https:\/\/nedimkuscusporkulubu.com\/index.php\/wp-json\/wp\/v2\/pages\/2859","targetHints":{"allow":["GET"]}}],"collection":[{"href":"https:\/\/nedimkuscusporkulubu.com\/index.php\/wp-json\/wp\/v2\/pages"}],"about":[{"href":"https:\/\/nedimkuscusporkulubu.com\/index.php\/wp-json\/wp\/v2\/types\/page"}],"author":[{"embeddable":true,"href":"https:\/\/nedimkuscusporkulubu.com\/index.php\/wp-json\/wp\/v2\/users\/1"}],"replies":[{"embeddable":true,"href":"https:\/\/nedimkuscusporkulubu.com\/index.php\/wp-json\/wp\/v2\/comments?post=2859"}],"version-history":[{"count":19,"href":"https:\/\/nedimkuscusporkulubu.com\/index.php\/wp-json\/wp\/v2\/pages\/2859\/revisions"}],"predecessor-version":[{"id":3404,"href":"https:\/\/nedimkuscusporkulubu.com\/index.php\/wp-json\/wp\/v2\/pages\/2859\/revisions\/3404"}],"wp:attachment":[{"href":"https:\/\/nedimkuscusporkulubu.com\/index.php\/wp-json\/wp\/v2\/media?parent=2859"}],"curies":[{"name":"wp","href":"https:\/\/api.w.org\/{rel}","templated":true}]}}