{"id":3430,"date":"2026-03-15T17:27:37","date_gmt":"2026-03-15T17:27:37","guid":{"rendered":"https:\/\/nedimkuscusporkulubu.com\/?page_id=3430"},"modified":"2026-03-16T14:55:30","modified_gmt":"2026-03-16T14:55:30","slug":"nedim-kuscu-kimdir","status":"publish","type":"page","link":"https:\/\/nedimkuscusporkulubu.com\/index.php\/nedim-kuscu-kimdir\/","title":{"rendered":"Nedim ku\u015f\u00e7u kimdir"},"content":{"rendered":"\t\t<div data-elementor-type=\"wp-page\" data-elementor-id=\"3430\" class=\"elementor elementor-3430\" data-elementor-settings=\"[]\">\n\t\t\t\t\t\t\t<div class=\"elementor-section-wrap\">\n\t\t\t\t\t\t\t<section class=\"elementor-section elementor-top-section elementor-element elementor-element-6903024 elementor-section-boxed elementor-section-height-default elementor-section-height-default\" data-id=\"6903024\" data-element_type=\"section\">\n\t\t\t\t\t\t<div class=\"elementor-container elementor-column-gap-default\">\n\t\t\t\t\t<div class=\"elementor-column elementor-col-100 elementor-top-column elementor-element elementor-element-ba77d37\" data-id=\"ba77d37\" data-element_type=\"column\">\n\t\t\t<div class=\"elementor-widget-wrap elementor-element-populated\">\n\t\t\t\t\t\t\t\t<div class=\"elementor-element elementor-element-f99add8 elementor-widget elementor-widget-heading\" data-id=\"f99add8\" data-element_type=\"widget\" data-widget_type=\"heading.default\">\n\t\t\t\t<div class=\"elementor-widget-container\">\n\t\t\t<h2 class=\"elementor-heading-title elementor-size-default\">NED\u0130M KU\u015e\u00c7U K\u0130MD\u0130R<\/h2>\t\t<\/div>\n\t\t\t\t<\/div>\n\t\t\t\t\t<\/div>\n\t\t<\/div>\n\t\t\t\t\t\t\t<\/div>\n\t\t<\/section>\n\t\t\t\t<section class=\"elementor-section elementor-top-section elementor-element elementor-element-ef0538d elementor-section-boxed elementor-section-height-default elementor-section-height-default\" data-id=\"ef0538d\" data-element_type=\"section\">\n\t\t\t\t\t\t<div class=\"elementor-container elementor-column-gap-default\">\n\t\t\t\t\t<div class=\"elementor-column elementor-col-33 elementor-top-column elementor-element elementor-element-f9e434a\" data-id=\"f9e434a\" data-element_type=\"column\">\n\t\t\t<div class=\"elementor-widget-wrap elementor-element-populated\">\n\t\t\t\t\t\t\t\t<div class=\"elementor-element elementor-element-8935768 elementor-widget elementor-widget-image\" data-id=\"8935768\" data-element_type=\"widget\" data-widget_type=\"image.default\">\n\t\t\t\t<div class=\"elementor-widget-container\">\n\t\t\t\t\t<div class=\"elementor-image\">\n\t\t\t\t\t\t\t\t\t\t<img loading=\"lazy\" decoding=\"async\" width=\"960\" height=\"969\" src=\"https:\/\/nedimkuscusporkulubu.com\/wp-content\/uploads\/2026\/03\/WhatsApp-Image-2026-03-15-at-19.53.29.jpeg\" class=\"attachment-large size-large\" alt=\"\" \/>\t\t\t\t\t\t\t\t\t\t\t<\/div>\n\t\t\t\t<\/div>\n\t\t\t\t<\/div>\n\t\t\t\t\t<\/div>\n\t\t<\/div>\n\t\t\t\t<div class=\"elementor-column elementor-col-66 elementor-top-column elementor-element elementor-element-20de09c\" data-id=\"20de09c\" data-element_type=\"column\">\n\t\t\t<div class=\"elementor-widget-wrap elementor-element-populated\">\n\t\t\t\t\t\t\t\t<div class=\"elementor-element elementor-element-59addf7 elementor-widget elementor-widget-text-editor\" data-id=\"59addf7\" data-element_type=\"widget\" data-widget_type=\"text-editor.default\">\n\t\t\t\t<div class=\"elementor-widget-container\">\n\t\t\t\t\t<div class=\"elementor-text-editor elementor-clearfix\"><p>1970 y\u0131l\u0131nda Malatya&#8217;n\u0131n Do\u011fanyol il\u00e7esinde do\u011fan Nedim Ku\u015f\u00e7u 1976 y\u0131l\u0131nda\u00a0 \u0130stanbul&#8217;un G\u00fcng\u00f6ren il\u00e7esine yerle\u015fmi\u015f ve \u00e7ocukluk y\u0131llar\u0131nda tan\u0131\u015ft\u0131\u011f\u0131 Taekwondo sporuna hi\u00e7 ara vermeden g\u00fcn\u00fcm\u00fcze kadar devam etmi\u015ftir.<\/p>\n<p>1993 y\u0131l\u0131nda G\u00fcng\u00f6ren Gen\u00e7osman mahallesinde kendi ad\u0131na kurdu\u011fu spor salonunda say\u0131s\u0131z sporcu yeti\u015ftirmi\u015f hem ulusal hem de uluslararas\u0131 turnuvalarda \u015fampiyonluklar elde etmi\u015ftir.\u00a0<\/p>\n<p>Milli antren\u00f6r olarak g\u00f6rev yapan Ku\u015f\u00e7u, yeti\u015ftirdi\u011fi sporcularla T\u00fcrk sporuna katk\u0131 vermi\u015ftir. Yeti\u015ftirdi\u011fi sporcular halen sporun i\u00e7inde sporcu, antren\u00f6r, hakem, beden e\u011fitimi \u00f6\u011fretmeni olarak g\u00f6rev yapmaktad\u0131r.<\/p>\n<p>Kendisini Taekwondo sporuna adayan Ku\u015f\u00e7u, G\u00fcng\u00f6ren il\u00e7esindeki spor salonunda halen \u015fampiyonlar yeti\u015ftirmeye devam etmektedir. K\u00fc\u00e7\u00fck ya\u015fta \u00e7ocuklar\u0131n sporla tan\u0131\u015farak sa\u011fl\u0131kl\u0131 bireyler yeti\u015ftirilmesine katk\u0131 sunmaktad\u0131r.\u00a0<\/p><\/div>\n\t\t\t\t<\/div>\n\t\t\t\t<\/div>\n\t\t\t\t\t<\/div>\n\t\t<\/div>\n\t\t\t\t\t\t\t<\/div>\n\t\t<\/section>\n\t\t\t\t<section class=\"elementor-section elementor-top-section elementor-element elementor-element-66bdcb73 elementor-section-boxed elementor-section-height-default elementor-section-height-default\" data-id=\"66bdcb73\" data-element_type=\"section\">\n\t\t\t\t\t\t<div class=\"elementor-container elementor-column-gap-default\">\n\t\t\t\t\t<div class=\"elementor-column elementor-col-100 elementor-top-column elementor-element elementor-element-30cd3c6f\" data-id=\"30cd3c6f\" data-element_type=\"column\">\n\t\t\t<div class=\"elementor-widget-wrap elementor-element-populated\">\n\t\t\t\t\t\t\t\t<div class=\"elementor-element elementor-element-291f0244 elementor-widget elementor-widget-text-editor\" data-id=\"291f0244\" data-element_type=\"widget\" data-widget_type=\"text-editor.default\">\n\t\t\t\t<div class=\"elementor-widget-container\">\n\t\t\t\t\t<div class=\"elementor-text-editor elementor-clearfix\"><!-- wp:fl-builder\/layout \/--><\/div>\n\t\t\t\t<\/div>\n\t\t\t\t<\/div>\n\t\t\t\t\t<\/div>\n\t\t<\/div>\n\t\t\t\t\t\t\t<\/div>\n\t\t<\/section>\n\t\t\t\t\t\t<\/div>\n\t\t\t\t\t<\/div>\n\t\t","protected":false},"excerpt":{"rendered":"<p>NED\u0130M KU\u015e\u00c7U K\u0130MD\u0130R 1970 y\u0131l\u0131nda Malatya&#8217;n\u0131n Do\u011fanyol il\u00e7esinde do\u011fan Nedim Ku\u015f\u00e7u 1976 y\u0131l\u0131nda\u00a0 \u0130stanbul&#8217;un G\u00fcng\u00f6ren il\u00e7esine yerle\u015fmi\u015f ve \u00e7ocukluk y\u0131llar\u0131nda tan\u0131\u015ft\u0131\u011f\u0131 Taekwondo sporuna hi\u00e7 ara vermeden g\u00fcn\u00fcm\u00fcze kadar devam etmi\u015ftir. 1993 y\u0131l\u0131nda G\u00fcng\u00f6ren Gen\u00e7osman mahallesinde kendi ad\u0131na kurdu\u011fu spor salonunda say\u0131s\u0131z sporcu yeti\u015ftirmi\u015f hem ulusal hem de uluslararas\u0131 turnuvalarda \u015fampiyonluklar elde etmi\u015ftir.\u00a0 Milli antren\u00f6r olarak [&hellip;]<\/p>\n","protected":false},"author":1,"featured_media":0,"parent":0,"menu_order":0,"comment_status":"closed","ping_status":"closed","template":"","meta":{"site-sidebar-layout":"default","site-content-layout":"","ast-site-content-layout":"default","site-content-style":"default","site-sidebar-style":"default","ast-global-header-display":"","ast-banner-title-visibility":"","ast-main-header-display":"","ast-hfb-above-header-display":"","ast-hfb-below-header-display":"","ast-hfb-mobile-header-display":"","site-post-title":"disabled","ast-breadcrumbs-content":"","ast-featured-img":"","footer-sml-layout":"","theme-transparent-header-meta":"","adv-header-id-meta":"","stick-header-meta":"","header-above-stick-meta":"","header-main-stick-meta":"","header-below-stick-meta":"","astra-migrate-meta-layouts":"set","ast-page-background-enabled":"default","ast-page-background-meta":{"desktop":{"background-color":"","background-image":"","background-repeat":"repeat","background-position":"center center","background-size":"auto","background-attachment":"scroll","background-type":"","background-media":"","overlay-type":"","overlay-color":"","overlay-opacity":"","overlay-gradient":""},"tablet":{"background-color":"","background-image":"","background-repeat":"repeat","background-position":"center center","background-size":"auto","background-attachment":"scroll","background-type":"","background-media":"","overlay-type":"","overlay-color":"","overlay-opacity":"","overlay-gradient":""},"mobile":{"background-color":"","background-image":"","background-repeat":"repeat","background-position":"center center","background-size":"auto","background-attachment":"scroll","background-type":"","background-media":"","overlay-type":"","overlay-color":"","overlay-opacity":"","overlay-gradient":""}},"ast-content-background-meta":{"desktop":{"background-color":"var(--ast-global-color-5)","background-image":"","background-repeat":"repeat","background-position":"center center","background-size":"auto","background-attachment":"scroll","background-type":"","background-media":"","overlay-type":"","overlay-color":"","overlay-opacity":"","overlay-gradient":""},"tablet":{"background-color":"var(--ast-global-color-5)","background-image":"","background-repeat":"repeat","background-position":"center center","background-size":"auto","background-attachment":"scroll","background-type":"","background-media":"","overlay-type":"","overlay-color":"","overlay-opacity":"","overlay-gradient":""},"mobile":{"background-color":"var(--ast-global-color-5)","background-image":"","background-repeat":"repeat","background-position":"center center","background-size":"auto","background-attachment":"scroll","background-type":"","background-media":"","overlay-type":"","overlay-color":"","overlay-opacity":"","overlay-gradient":""}},"footnotes":""},"class_list":["post-3430","page","type-page","status-publish","hentry"],"_links":{"self":[{"href":"https:\/\/nedimkuscusporkulubu.com\/index.php\/wp-json\/wp\/v2\/pages\/3430","targetHints":{"allow":["GET"]}}],"collection":[{"href":"https:\/\/nedimkuscusporkulubu.com\/index.php\/wp-json\/wp\/v2\/pages"}],"about":[{"href":"https:\/\/nedimkuscusporkulubu.com\/index.php\/wp-json\/wp\/v2\/types\/page"}],"author":[{"embeddable":true,"href":"https:\/\/nedimkuscusporkulubu.com\/index.php\/wp-json\/wp\/v2\/users\/1"}],"replies":[{"embeddable":true,"href":"https:\/\/nedimkuscusporkulubu.com\/index.php\/wp-json\/wp\/v2\/comments?post=3430"}],"version-history":[{"count":49,"href":"https:\/\/nedimkuscusporkulubu.com\/index.php\/wp-json\/wp\/v2\/pages\/3430\/revisions"}],"predecessor-version":[{"id":3668,"href":"https:\/\/nedimkuscusporkulubu.com\/index.php\/wp-json\/wp\/v2\/pages\/3430\/revisions\/3668"}],"wp:attachment":[{"href":"https:\/\/nedimkuscusporkulubu.com\/index.php\/wp-json\/wp\/v2\/media?parent=3430"}],"curies":[{"name":"wp","href":"https:\/\/api.w.org\/{rel}","templated":true}]}}